{"id":726,"date":"2015-03-11T12:20:32","date_gmt":"2015-03-11T11:20:32","guid":{"rendered":"http:\/\/helmis-mitmach-atelier.de\/?page_id=726"},"modified":"2017-09-02T17:27:20","modified_gmt":"2017-09-02T15:27:20","slug":"line-dance-2","status":"publish","type":"page","link":"http:\/\/helmis-mitmach-atelier.de\/?page_id=726","title":{"rendered":"Line Dance"},"content":{"rendered":"<p>**************************************************************************<\/p>\n<p style=\"text-align: left;\"><strong><span style=\"color: #ff0000;\">&#8222;Das Schwere am Tanzen ist, das Sch\u00f6ne des Tanzens so zu zeigen, <\/span><\/strong><\/p>\n<p style=\"text-align: left;\"><strong><span style=\"color: #ff0000;\">dass das Sch\u00f6ne des Tanzens nicht schwer aussieht&#8220;\u00a0 (Uwe Scholz)<\/span><\/strong><\/p>\n<p style=\"text-align: left;\">**************************************************************************<\/p>\n<table style=\"width: 584px;\">\n<tbody>\n<tr>\n<td style=\"width: 127.02px;\"><a href=\"http:\/\/www.stompin-boots.de\/index.php?page=terminkalender\/termine\" target=\"_blank\" rel=\"noopener noreferrer\"><img decoding=\"async\" loading=\"lazy\" class=\"wp-image-2535 alignleft\" src=\"http:\/\/helmis-mitmach-atelier.de\/wp-content\/uploads\/2015\/03\/Logo-Stompin-Boots-Kalender.jpg\" alt=\"\" width=\"96\" height=\"78\" \/><\/a><\/td>\n<td style=\"width: 435.97px; text-align: left;\">Mit freundlicher Genehmigung der <a href=\"http:\/\/www.stompin-boots.de\/index.php?page=terminkalender\/termine\" target=\"_blank\" rel=\"noopener noreferrer\">Stompin\u00b4 Boots <\/a>habe ich hier eine Verlinkung zum Terminkalender eingef\u00fcgt. Hier k\u00f6nnt Ihr eine Menge (Line Dance)Termine aus der Region finden. Viel Spa\u00df beim St\u00f6bern !<\/td>\n<\/tr>\n<\/tbody>\n<\/table>\n<p><a href=\"http:\/\/www.stompin-boots.de\/index.php?page=terminkalender\/termine\" target=\"_blank\" rel=\"noopener noreferrer\">\u00a0<\/a>* * * * * * * * * * * * * * * * * * * * * * * * * * * * * * * * * * * * * * * * * * * * * * *<\/p>\n<p>&nbsp;<\/p>\n<p><strong><span style=\"color: #008000;\">Interessante Veranstaltungen in der Region oder auch au\u00dferhalb &#8230; :-)\u00a0\u00a0 :<\/span><\/strong><\/p>\n<p><strong><span style=\"color: #008000;\">\u00a0<\/span><\/strong><\/p>\n<p><strong><span style=\"color: #008000;\">Godelheim Line Dance &#8211; <a href=\"http:\/\/helmis-mitmach-atelier.de\/wp-content\/uploads\/2015\/03\/2017-09-2018-01-Godelheim.jpg\" target=\"_blank\" rel=\"noopener\">Termine<\/a> &#8211; <a href=\"http:\/\/helmis-mitmach-atelier.de\/wp-content\/uploads\/2015\/03\/2017-09-03-Godelheim-T\u00e4nze.pdf\" target=\"_blank\" rel=\"noopener\">2017 09 03 Godelheim T\u00e4nze<\/a><\/span><\/strong><\/p>\n<p><strong><span style=\"color: #e37514;\"><a href=\"http:\/\/www.westernexperience.com\/en\/winter\/home.html\" target=\"_blank\" rel=\"noopener\">Western Experience<\/a> Brabanthallen Hertogenbosch\u00a0 &#8211;\u00a0 27.-28.Januar 2018<\/span><\/strong><\/p>\n<p><strong><a href=\"http:\/\/geronimo-line-dancers.de\/\" target=\"_blank\" rel=\"noopener\">Country- und Line Dance Festival G\u00fcllesheim<\/a>\u00a0 &#8211;\u00a0 17.-20. Mai 2018<\/strong><\/p>\n<p><strong><a href=\"http:\/\/www.hot-spurs-lingelcreek.de\/feste\/countryfest\" target=\"_blank\" rel=\"noopener\">Countryfest in Lingelcreek<\/a><\/strong>\u00a0 (Lingelbach&gt;)\u00a0 &#8211;\u00a0 Termin 2018 noch nicht bekannt<\/p>\n<p><strong>Pullman City Harz\u00a0 &#8211;\u00a0 \u00a006.-08. Juli 2017<\/strong><\/p>\n<p>&nbsp;<\/p>\n<p style=\"text-align: left;\">**************************************************************************<\/p>\n<table style=\"width: 672px;\">\n<tbody>\n<tr>\n<td style=\"width: 167.75px;\"><\/td>\n<td style=\"width: 483.25px;\"><\/td>\n<\/tr>\n<tr>\n<td style=\"width: 167.75px;\"><strong><a href=\"http:\/\/www.westernstadt-im-harz.de\/\" target=\"_blank\" rel=\"noopener\"><img decoding=\"async\" loading=\"lazy\" class=\"alignnone wp-image-525 size-thumbnail\" src=\"http:\/\/helmis-mitmach-atelier.de\/wp-content\/uploads\/2015\/01\/Pullman-City-Harz-150x66.jpg\" alt=\"\" width=\"150\" height=\"66\" \/><\/a><\/strong><\/td>\n<td style=\"width: 483.25px; text-align: left;\">\u00a0<strong>Pullman City Harz<\/strong><\/td>\n<\/tr>\n<\/tbody>\n<\/table>\n<p>**************************************************************************<\/p>\n<p>&nbsp;<\/p>\n<p><a href=\"http:\/\/www.westernstadt-im-harz.de\/veranstaltung\/line-dance-weekend-2\/\" target=\"_blank\" rel=\"noopener noreferrer\"><img decoding=\"async\" loading=\"lazy\" class=\"alignnone size-full wp-image-1498\" src=\"http:\/\/helmis-mitmach-atelier.de\/wp-content\/uploads\/2015\/03\/PMC-Mainstreet.jpg\" alt=\"PMC Mainstreet\" width=\"2048\" height=\"1536\" srcset=\"http:\/\/helmis-mitmach-atelier.de\/wp-content\/uploads\/2015\/03\/PMC-Mainstreet.jpg 2048w, http:\/\/helmis-mitmach-atelier.de\/wp-content\/uploads\/2015\/03\/PMC-Mainstreet-300x225.jpg 300w, http:\/\/helmis-mitmach-atelier.de\/wp-content\/uploads\/2015\/03\/PMC-Mainstreet-768x576.jpg 768w, http:\/\/helmis-mitmach-atelier.de\/wp-content\/uploads\/2015\/03\/PMC-Mainstreet-1024x768.jpg 1024w, http:\/\/helmis-mitmach-atelier.de\/wp-content\/uploads\/2015\/03\/PMC-Mainstreet-400x300.jpg 400w\" sizes=\"(max-width: 2048px) 100vw, 2048px\" \/><\/a><\/p>\n<p>&nbsp;<\/p>\n<p>Seit 2003 tanze ich Line Dance, seit 2006 unterrichte ich es auch in verschiedenen Institutionen, wie Volkshochschulen oder Tanzsport-Vereinen.<\/p>\n<p>Volkstanzgruppen, Sportvereine, Landfrauen trainiere ich, mache die verschiedensten Workshops mit Leuten, die gern mal Line Dance ausprobieren m\u00f6chten, z.B. bei Betriebsfeiern, etc.<\/p>\n<p>**************************************************************************<\/p>\n<p>Passend dazu stelle ich Hut- und Haarschmuck her und auch sch\u00f6ne \u201cHand\u201d- Arbeiten. Schaut mal unter &#8222;Country Style&#8220;.<\/p>\n<p>**************************************************************************<\/p>\n<p>Am ersten Tag eines neuen Anf\u00e4nger-Kurses \u00a0starte ich gern mit dem &#8222;Electric Slide&#8220; &#8230;\u00a0 hier ein nicht ganz ernst gemeintes Video dazu&#8230; \u00a0 <a href=\"https:\/\/www.youtube.com\/watch?v=52YQ05jEIMw\" target=\"_blank\" rel=\"noopener noreferrer\"> :-D<\/a><\/p>\n<p>**************************************************************************<\/p>\n<p>Hier sind 10 Gr\u00fcnde, warum man Line Dance machen sollte:\u00a0 <a href=\"https:\/\/www.youtube.com\/watch?v=pCL3PeEciGQ\" target=\"_blank\" rel=\"noopener noreferrer\"> :-P\u00a0<\/a><\/p>\n<p>**************************************************************************<\/p>\n<p>Hier k\u00f6nnt Ihr sehen,\u00a0dass &#8211; fast &#8211; Jede(r)\u00a0 Line Dance lernen kann\u00a0\u00a0\u00a0 <a href=\"https:\/\/www.youtube.com\/watch?v=dZXf3Ls42vw\" target=\"_blank\" rel=\"noopener noreferrer\"> :mrgreen:<\/a><\/p>\n<p>**************************************************************************<\/p>\n<p>Hier ein etwas anderes Video zu &#8222;Shake That Bass&#8220;\u00a0\u00a0 <a href=\"https:\/\/www.youtube.com\/watch?v=J8LcFUifu8Q\" target=\"_blank\" rel=\"noopener noreferrer\"> ;-)<\/a><\/p>\n<p>**************************************************************************<\/p>\n<p>Der Jux Kabouter Dans\u00a0\u00a0\u00a0<a href=\"https:\/\/www.youtube.com\/watch?v=vSiDKzCrTzQ\" target=\"_blank\" rel=\"noopener noreferrer\"> :lol:<\/a><\/p>\n<p>**************************************************************************<\/p>\n<p>Der <a href=\"https:\/\/www.youtube.com\/watch?v=9D6c1rgB_BY\" target=\"_blank\" rel=\"noopener noreferrer\">Bremer<\/a>\u00a0\u00a0\u00a0<a href=\"https:\/\/www.youtube.com\/watch?v=9D6c1rgB_BY\" target=\"_blank\" rel=\"noopener noreferrer\"><u><span style=\"color: #000080;\">:lol:<\/span><\/u><\/a><\/p>\n<p>**************************************************************************<\/p>\n<p>Und hier etwas ganz Besonderes: <a href=\"https:\/\/www.youtube.com\/watch?v=FxXQgVBFC8g\" target=\"_blank\" rel=\"noopener noreferrer\">Die Pink Panthers :lol: <\/a><\/p>\n<p>**************************************************************************<\/p>\n<p>Im Juli jeden Jahres findet in <a href=\"http:\/\/www.westernstadt-im-harz.de\/\" target=\"_blank\" rel=\"noopener noreferrer\">Pullman City im Harz (Hasselfelde)<\/a><\/p>\n<p>das Internationale Line Dance Weekend statt.<\/p>\n<p>Hier <a href=\"https:\/\/www.youtube.com\/watch?v=qJewuDISNEo\" target=\"_blank\" rel=\"noopener noreferrer\">ein paar Impressionen: :roll: <\/a><\/p>\n<p>**************************************************************************<\/p>\n<p>&nbsp;<\/p>\n<p><span style=\"color: #008000;\">**************************************************************************<\/span><\/p>\n<p><span style=\"color: #008000;\"><a href=\"http:\/\/www.tanzkontor-paderborn.de\/\" target=\"_blank\" rel=\"noopener\"><img decoding=\"async\" loading=\"lazy\" class=\"alignnone wp-image-2386\" src=\"http:\/\/helmis-mitmach-atelier.de\/wp-content\/uploads\/2015\/01\/Tanzkontor.jpg\" alt=\"\" width=\"39\" height=\"46\" \/><\/a>\u00a0 Hier im<strong> <a style=\"color: #008000;\" href=\"http:\/\/www.tanzkontor-paderborn.de\/\" target=\"_blank\" rel=\"noopener noreferrer\">Tanzkontor<\/a><\/strong> in Paderborn gibt es Tanzschuhe f\u00fcr\u00b4s Line Dance.<\/span><\/p>\n<p><span style=\"color: #008000;\">Die Beratung ist sehr gut, die Qualit\u00e4t der Schuhe super, die Preise\u00a0g\u00fcnstig.<\/span><\/p>\n<p><span style=\"color: #008000;\">**************************************************************************<\/span><\/p>\n<p>&nbsp;<\/p>\n<p>&nbsp;<\/p>\n","protected":false},"excerpt":{"rendered":"<p>************************************************************************** &#8222;Das Schwere am Tanzen ist, das Sch\u00f6ne des Tanzens so zu zeigen, dass das Sch\u00f6ne des Tanzens nicht schwer aussieht&#8220;\u00a0 (Uwe Scholz) ************************************************************************** Mit freundlicher Genehmigung der Stompin\u00b4 Boots habe ich hier eine Verlinkung zum Terminkalender eingef\u00fcgt. Hier k\u00f6nnt &hellip; <a href=\"http:\/\/helmis-mitmach-atelier.de\/?page_id=726\">Weiterlesen <span class=\"meta-nav\">&rarr;<\/span><\/a><\/p>\n","protected":false},"author":2,"featured_media":0,"parent":0,"menu_order":130,"comment_status":"open","ping_status":"closed","template":"","meta":[],"_links":{"self":[{"href":"http:\/\/helmis-mitmach-atelier.de\/index.php?rest_route=\/wp\/v2\/pages\/726"}],"collection":[{"href":"http:\/\/helmis-mitmach-atelier.de\/index.php?rest_route=\/wp\/v2\/pages"}],"about":[{"href":"http:\/\/helmis-mitmach-atelier.de\/index.php?rest_route=\/wp\/v2\/types\/page"}],"author":[{"embeddable":true,"href":"http:\/\/helmis-mitmach-atelier.de\/index.php?rest_route=\/wp\/v2\/users\/2"}],"replies":[{"embeddable":true,"href":"http:\/\/helmis-mitmach-atelier.de\/index.php?rest_route=%2Fwp%2Fv2%2Fcomments&post=726"}],"version-history":[{"count":101,"href":"http:\/\/helmis-mitmach-atelier.de\/index.php?rest_route=\/wp\/v2\/pages\/726\/revisions"}],"predecessor-version":[{"id":2762,"href":"http:\/\/helmis-mitmach-atelier.de\/index.php?rest_route=\/wp\/v2\/pages\/726\/revisions\/2762"}],"wp:attachment":[{"href":"http:\/\/helmis-mitmach-atelier.de\/index.php?rest_route=%2Fwp%2Fv2%2Fmedia&parent=726"}],"curies":[{"name":"wp","href":"https:\/\/api.w.org\/{rel}","templated":true}]}}