{"id":639,"date":"2015-03-02T02:05:31","date_gmt":"2015-03-02T01:05:31","guid":{"rendered":"http:\/\/helmis-mitmach-atelier.de\/?page_id=639"},"modified":"2016-09-17T19:52:48","modified_gmt":"2016-09-17T17:52:48","slug":"fieses-lieschen","status":"publish","type":"page","link":"http:\/\/helmis-mitmach-atelier.de\/?page_id=639","title":{"rendered":"Fieses Lieschen"},"content":{"rendered":"<p><a href=\"http:\/\/helmis-mitmach-atelier.de\/wp-content\/uploads\/2015\/03\/Hexe-K\u00fcrbis.jpg\"><img decoding=\"async\" loading=\"lazy\" class=\"alignnone wp-image-771\" src=\"http:\/\/helmis-mitmach-atelier.de\/wp-content\/uploads\/2015\/03\/Hexe-K\u00fcrbis.jpg\" alt=\"Hexe K\u00fcrbis\" width=\"95\" height=\"108\" \/><\/a>\u00a0\u00a0\u00a0\u00a0\u00a0\u00a0\u00a0\u00a0\u00a0\u00a0\u00a0<strong>Das Fiese Lieschen\u00a0\u00a0\u00a0\u00a0\u00a0\u00a0\u00a0\u00a0\u00a0\u00a0 <a href=\"http:\/\/helmis-mitmach-atelier.de\/wp-content\/uploads\/2015\/03\/Rosi.jpg\"><img decoding=\"async\" loading=\"lazy\" class=\"alignnone size-full wp-image-763\" src=\"http:\/\/helmis-mitmach-atelier.de\/wp-content\/uploads\/2015\/03\/Rosi.jpg\" alt=\"Rosi\" width=\"91\" height=\"114\" \/><\/a><\/strong><\/p>\n<p>&nbsp;<\/p>\n<p style=\"text-align: left;\">Hier stelle ich in unregelm\u00e4\u00dfigen Abst\u00e4nden<\/p>\n<p style=\"text-align: left;\">Kurzgeschichten meiner Schwester Rosi vor.<\/p>\n<p style=\"text-align: left;\">Schaut mal rein &#8230;\u00a0\u00a0das ist manchmal<\/p>\n<p style=\"text-align: left;\">so richtig sch\u00f6n fies und gemein &#8230;<\/p>\n<p style=\"text-align: left;\">:twisted:\u00a0\u00a0\u00a0\u00a0\u00a0\u00a0\u00a0 :twisted:\u00a0\u00a0\u00a0\u00a0\u00a0\u00a0\u00a0 :twisted:\u00a0\u00a0\u00a0\u00a0\u00a0\u00a0\u00a0\u00a0:twisted:\u00a0\u00a0\u00a0\u00a0\u00a0\u00a0\u00a0 :twisted:\u00a0\u00a0\u00a0\u00a0\u00a0\u00a0\u00a0 :twisted:\u00a0\u00a0\u00a0\u00a0\u00a0\u00a0 :twisted:\u00a0\u00a0\u00a0\u00a0\u00a0\u00a0 :twisted:<\/p>\n<table>\n<tbody>\n<tr>\n<td><\/td>\n<\/tr>\n<\/tbody>\n<\/table>\n<p style=\"text-align: left;\">:-D\u00a0\u00a0\u00a0 Wir freuen uns \u00fcber ein Feedback von Euch !\u00a0\u00a0\u00a0\u00a0:-D<\/p>\n<table>\n<tbody>\n<tr>\n<td><strong>\u00a0<\/strong><\/td>\n<td><strong>\u00a0<\/strong><\/td>\n<\/tr>\n<tr>\n<td><strong>Die Story<\/strong><\/td>\n<td><strong>Hier ver\u00f6ffentlicht am<\/strong><\/td>\n<\/tr>\n<tr>\n<td><a href=\"http:\/\/helmis-mitmach-atelier.de\/wp-content\/uploads\/2015\/03\/Uterus-Primus.pdf\" target=\"_blank\">Uterus Primus<\/a><\/td>\n<td>17.09.2016<\/td>\n<\/tr>\n<tr>\n<td><a href=\"http:\/\/helmis-mitmach-atelier.de\/wp-content\/uploads\/2015\/03\/Farb-und-Stilberatung.pdf\" target=\"_blank\">Farb- und Stilberatung<\/a><\/td>\n<td>30.08.2016<\/td>\n<\/tr>\n<tr>\n<td><a href=\"http:\/\/helmis-mitmach-atelier.de\/wp-content\/uploads\/2015\/03\/Weihnachtsdepression.pdf\" target=\"_blank\">Weihnachtsdepression<\/a><\/td>\n<td>23.12.2015<\/td>\n<\/tr>\n<tr>\n<td><a href=\"http:\/\/helmis-mitmach-atelier.de\/wp-content\/uploads\/2015\/03\/Stiefeletten-und-Blusen.pdf\" target=\"_blank\">Stiefeletten und Blusen<\/a><\/td>\n<td>18.09.2015<\/td>\n<\/tr>\n<tr>\n<td><a href=\"http:\/\/helmis-mitmach-atelier.de\/wp-content\/uploads\/2015\/03\/Frisch-verliebt.pdf\" target=\"_blank\">Frisch verliebt<\/a><\/td>\n<td>06.09.2015<\/td>\n<\/tr>\n<tr>\n<td><a href=\"http:\/\/helmis-mitmach-atelier.de\/wp-content\/uploads\/2015\/03\/Einkaufen.pdf\" target=\"_blank\">Einkaufen<\/a><\/td>\n<td>16.03.2015<\/td>\n<\/tr>\n<tr>\n<td><a href=\"http:\/\/helmis-mitmach-atelier.de\/wp-content\/uploads\/2015\/03\/Haustiere.pdf\" target=\"_blank\">Haustiere<\/a><\/td>\n<td>01.03.2015<\/td>\n<\/tr>\n<tr>\n<td><a href=\"http:\/\/helmis-mitmach-atelier.de\/wp-content\/uploads\/2015\/03\/TV.pdf\" target=\"_blank\">TV<\/a><\/td>\n<td>01.03.2015<\/td>\n<\/tr>\n<\/tbody>\n<\/table>\n<p>&nbsp;<\/p>\n","protected":false},"excerpt":{"rendered":"<p>\u00a0\u00a0\u00a0\u00a0\u00a0\u00a0\u00a0\u00a0\u00a0\u00a0\u00a0Das Fiese Lieschen\u00a0\u00a0\u00a0\u00a0\u00a0\u00a0\u00a0\u00a0\u00a0\u00a0 &nbsp; Hier stelle ich in unregelm\u00e4\u00dfigen Abst\u00e4nden Kurzgeschichten meiner Schwester Rosi vor. Schaut mal rein &#8230;\u00a0\u00a0das ist manchmal so richtig sch\u00f6n fies und gemein &#8230; :twisted:\u00a0\u00a0\u00a0\u00a0\u00a0\u00a0\u00a0 :twisted:\u00a0\u00a0\u00a0\u00a0\u00a0\u00a0\u00a0 :twisted:\u00a0\u00a0\u00a0\u00a0\u00a0\u00a0\u00a0\u00a0:twisted:\u00a0\u00a0\u00a0\u00a0\u00a0\u00a0\u00a0 :twisted:\u00a0\u00a0\u00a0\u00a0\u00a0\u00a0\u00a0 :twisted:\u00a0\u00a0\u00a0\u00a0\u00a0\u00a0 :twisted:\u00a0\u00a0\u00a0\u00a0\u00a0\u00a0 :twisted: :-D\u00a0\u00a0\u00a0 Wir freuen uns \u00fcber &hellip; <a href=\"http:\/\/helmis-mitmach-atelier.de\/?page_id=639\">Weiterlesen <span class=\"meta-nav\">&rarr;<\/span><\/a><\/p>\n","protected":false},"author":2,"featured_media":0,"parent":0,"menu_order":185,"comment_status":"open","ping_status":"closed","template":"","meta":[],"_links":{"self":[{"href":"http:\/\/helmis-mitmach-atelier.de\/index.php?rest_route=\/wp\/v2\/pages\/639"}],"collection":[{"href":"http:\/\/helmis-mitmach-atelier.de\/index.php?rest_route=\/wp\/v2\/pages"}],"about":[{"href":"http:\/\/helmis-mitmach-atelier.de\/index.php?rest_route=\/wp\/v2\/types\/page"}],"author":[{"embeddable":true,"href":"http:\/\/helmis-mitmach-atelier.de\/index.php?rest_route=\/wp\/v2\/users\/2"}],"replies":[{"embeddable":true,"href":"http:\/\/helmis-mitmach-atelier.de\/index.php?rest_route=%2Fwp%2Fv2%2Fcomments&post=639"}],"version-history":[{"count":22,"href":"http:\/\/helmis-mitmach-atelier.de\/index.php?rest_route=\/wp\/v2\/pages\/639\/revisions"}],"predecessor-version":[{"id":1726,"href":"http:\/\/helmis-mitmach-atelier.de\/index.php?rest_route=\/wp\/v2\/pages\/639\/revisions\/1726"}],"wp:attachment":[{"href":"http:\/\/helmis-mitmach-atelier.de\/index.php?rest_route=%2Fwp%2Fv2%2Fmedia&parent=639"}],"curies":[{"name":"wp","href":"https:\/\/api.w.org\/{rel}","templated":true}]}}