{"id":54,"date":"2015-01-18T23:30:27","date_gmt":"2015-01-18T22:30:27","guid":{"rendered":"http:\/\/helmis-mitmach-atelier.de\/?page_id=54"},"modified":"2017-03-27T00:11:09","modified_gmt":"2017-03-26T22:11:09","slug":"links","status":"publish","type":"page","link":"http:\/\/helmis-mitmach-atelier.de\/?page_id=54","title":{"rendered":"Links"},"content":{"rendered":"<table class=\" alignleft\" style=\"width: 569px;\">\n<colgroup>\n<col width=\"160\" \/>\n<col width=\"*\" \/><\/colgroup>\n<tbody>\n<tr style=\"height: 209px;\">\n<td style=\"width: 301px; height: 209px; text-align: left; vertical-align: top;\"><a href=\"http:\/\/helmis-mitmach-atelier.de\/wp-content\/uploads\/2015\/01\/LinkWebseite.jpg\" target=\"_blank\"><img decoding=\"async\" loading=\"lazy\" class=\"alignnone wp-image-1635 size-thumbnail\" src=\"http:\/\/helmis-mitmach-atelier.de\/wp-content\/uploads\/2015\/01\/LinkWebseite-150x150.jpg\" alt=\"LinkWebseite\" width=\"150\" height=\"150\" \/><\/a><\/td>\n<td style=\"width: 292px; height: 209px; text-align: left; vertical-align: top;\">Button von<\/p>\n<p><a href=\"http:\/\/helmis-mitmach-atelier.de\/\" target=\"_blank\">Helmis-Mitmach-@telier <\/a><\/p>\n<p>zum Verlinken<\/p>\n<p>auf Eurer Webseite\u00a0 &#8230;\u00a0 ;-)<\/td>\n<\/tr>\n<tr style=\"height: 24px;\">\n<td style=\"width: 301px; height: 24px; text-align: left; vertical-align: top;\"><a href=\"http:\/\/helmis-mitmach-atelier.de\/wp-content\/uploads\/2015\/01\/FB-f-Logo__blue_58.png\"><img decoding=\"async\" loading=\"lazy\" class=\"alignnone size-full wp-image-55\" src=\"http:\/\/helmis-mitmach-atelier.de\/wp-content\/uploads\/2015\/01\/FB-f-Logo__blue_58.png\" alt=\"FB-f-Logo__blue_58\" width=\"58\" height=\"58\" \/><\/a><\/td>\n<td style=\"width: 292px; height: 24px; text-align: left; vertical-align: top;\"><a href=\"https:\/\/www.facebook.com\/pages\/Helmis-Mitmach-Atelier-Powertex\/890974000968610?ref=bookmarks\" target=\"_blank\">Helmis Facebook-Seite <\/a><\/td>\n<\/tr>\n<tr style=\"height: 24px;\">\n<td style=\"width: 301px; height: 24px; text-align: left; vertical-align: top;\"><a href=\"http:\/\/helmis-mitmach-atelier.de\/wp-content\/uploads\/2015\/01\/powertex.jpg\"><img decoding=\"async\" loading=\"lazy\" class=\"alignnone wp-image-56\" src=\"http:\/\/helmis-mitmach-atelier.de\/wp-content\/uploads\/2015\/01\/powertex-300x121.jpg\" alt=\"powertex\" width=\"149\" height=\"60\" srcset=\"http:\/\/helmis-mitmach-atelier.de\/wp-content\/uploads\/2015\/01\/powertex-300x121.jpg 300w, http:\/\/helmis-mitmach-atelier.de\/wp-content\/uploads\/2015\/01\/powertex.jpg 390w\" sizes=\"(max-width: 149px) 100vw, 149px\" \/><\/a><\/td>\n<td style=\"width: 292px; height: 24px; text-align: left; vertical-align: top;\"><a href=\"http:\/\/www.powertex-stoneart.de\/\" target=\"_blank\">Powertex Deutschland <\/a><\/td>\n<\/tr>\n<tr style=\"height: 149.32px;\">\n<td style=\"width: 301px; height: 149.32px; text-align: left; vertical-align: top;\"><a href=\"http:\/\/www.ahden.de\/\" target=\"_blank\"><img decoding=\"async\" loading=\"lazy\" class=\"alignnone wp-image-1961\" src=\"http:\/\/helmis-mitmach-atelier.de\/wp-content\/uploads\/2015\/01\/Ahden.jpg\" alt=\"ahden\" width=\"153\" height=\"82\" \/><\/a><\/td>\n<td style=\"width: 292px; height: 149.32px; text-align: left; vertical-align: top;\">Hier leben mein Mann Norbert<\/p>\n<p>und ich! Gem\u00e4\u00df dem Motto:<\/p>\n<p><a href=\"http:\/\/www.ahden.de\/\" target=\"_blank\"> Ahden &#8211; immer wieder sch\u00f6n!<\/a><\/td>\n<\/tr>\n<tr style=\"height: 136px;\">\n<td style=\"width: 301px; height: 136px; text-align: left; vertical-align: top;\"><a href=\"http:\/\/soraya-tanzt.jimdo.com\/\" target=\"_blank\"><img decoding=\"async\" loading=\"lazy\" class=\"alignnone wp-image-1595\" src=\"http:\/\/helmis-mitmach-atelier.de\/wp-content\/uploads\/2015\/01\/Soraya-Amal.jpg\" alt=\"Soraya Amal\" width=\"152\" height=\"155\" \/><\/a><\/td>\n<td style=\"width: 292px; height: 136px; text-align: left; vertical-align: top;\"><a href=\"http:\/\/soraya-tanzt.jimdo.com\/\" target=\"_blank\">Soraya Amal <\/a>&#8211; Bauchtanz vom Feinsten<\/p>\n<p>in Lippstadt &#8211; Pure Weiblichkeit im orientalischen Outfit !<\/td>\n<\/tr>\n<tr style=\"height: 24px;\">\n<td style=\"width: 301px; height: 24px; text-align: left; vertical-align: top;\"><a href=\"http:\/\/www.castell-lippstadt.de\/\" target=\"_blank\"><img decoding=\"async\" loading=\"lazy\" class=\"alignnone wp-image-1614\" src=\"http:\/\/helmis-mitmach-atelier.de\/wp-content\/uploads\/2015\/01\/TSCCastell-Lippstadt.jpg\" alt=\"TSCCastell Lippstadt\" width=\"155\" height=\"156\" \/><\/a><\/td>\n<td style=\"width: 292px; height: 24px; text-align: left; vertical-align: top;\"><a href=\"http:\/\/www.castell-lippstadt.de\/\" target=\"_blank\">TSC Castell Lippstadt<\/a><\/td>\n<\/tr>\n<tr style=\"height: 24px;\">\n<td style=\"width: 301px; height: 24px; text-align: left; vertical-align: top;\"><a href=\"http:\/\/helmis-mitmach-atelier.de\/wp-content\/uploads\/2015\/01\/Link-TGS-Brilon.jpg\"><img decoding=\"async\" loading=\"lazy\" class=\"alignleft wp-image-187\" src=\"http:\/\/helmis-mitmach-atelier.de\/wp-content\/uploads\/2015\/01\/Link-TGS-Brilon.jpg\" alt=\"Link TGS Brilon\" width=\"159\" height=\"126\" \/><\/a><\/td>\n<td style=\"width: 292px; height: 24px; text-align: left; vertical-align: top;\">\u00a0<a href=\"http:\/\/tanzsport-brilon.de\/category\/line-dance\/\" target=\"_blank\">TSG Brilon<\/a><\/td>\n<\/tr>\n<tr style=\"height: 24px;\">\n<td style=\"width: 301px; height: 24px; text-align: left; vertical-align: top;\"><a href=\"http:\/\/www.tsc-lippe.de\/\" target=\"_blank\"><img decoding=\"async\" loading=\"lazy\" class=\"alignnone size-full wp-image-1018\" src=\"http:\/\/helmis-mitmach-atelier.de\/wp-content\/uploads\/2015\/01\/TSC-Rot-Gelb-Detmold.jpg\" alt=\"TSC Rot-Gelb Detmold\" width=\"287\" height=\"78\" \/><\/a><\/td>\n<td style=\"width: 292px; height: 24px; text-align: left; vertical-align: top;\"><a href=\"http:\/\/www.tsc-lippe.de\/\" target=\"_blank\">TSC Rot-Gelb Lippe Detmold<\/a><\/td>\n<\/tr>\n<tr style=\"height: 48px;\">\n<td style=\"width: 301px; height: 48px; text-align: left; vertical-align: top;\">\u00a0<a href=\"http:\/\/www.photographie-horst-kaden.de\/k%C3%BCnstleratelier\/\" target=\"_blank\"><img decoding=\"async\" loading=\"lazy\" class=\"alignnone wp-image-550\" src=\"http:\/\/helmis-mitmach-atelier.de\/wp-content\/uploads\/2015\/01\/Karin-Kaden1.jpg\" alt=\"Karin Kaden\" width=\"150\" height=\"161\" \/><\/a><\/td>\n<td style=\"width: 292px; height: 48px; text-align: left; vertical-align: top;\"><a href=\"http:\/\/www.photographie-horst-kaden.de\/k%C3%BCnstleratelier\/\" target=\"_blank\">Karin Kaden<\/a> gibt Powertex-Kurse in\u00a0Illerrieden.<\/td>\n<\/tr>\n<tr style=\"height: 97px;\">\n<td style=\"width: 301px; height: 97px; text-align: left; vertical-align: top;\"><a href=\"http:\/\/www.kreativ-buch-ul.de\/homepage.html\" target=\"_blank\"><img decoding=\"async\" loading=\"lazy\" class=\"alignnone wp-image-1118\" src=\"http:\/\/helmis-mitmach-atelier.de\/wp-content\/uploads\/2015\/03\/Ursula-Lang-150x150.jpg\" alt=\"Ursula Lang\" width=\"146\" height=\"146\" \/><\/a><\/td>\n<td style=\"width: 292px; height: 97px; text-align: left; vertical-align: top;\">Hier die Seite von <a href=\"http:\/\/www.kreativ-buch-ul.de\/homepage.html\" target=\"_blank\">Ursula Lang <\/a><a href=\"http:\/\/www.kreativ-buch-ul.de\/homepage.html\" target=\"_blank\">aus Ahden<\/a>. Sie macht beleuchtete 3D-B\u00fccher, Figuren und Bilder. Es gibt Geschichten und vieles mehr.<\/td>\n<\/tr>\n<tr style=\"height: 112px;\">\n<td style=\"width: 301px; height: 112px; text-align: left; vertical-align: top;\"><a href=\"http:\/\/www.atelier-frederking.de\/\" target=\"_blank\"><img decoding=\"async\" loading=\"lazy\" class=\"alignnone wp-image-1958\" src=\"http:\/\/helmis-mitmach-atelier.de\/wp-content\/uploads\/2015\/01\/Sigrid-Frederking-300x147.jpg\" alt=\"sigrid-frederking\" width=\"150\" height=\"79\" \/><\/a><\/td>\n<td style=\"width: 292px; height: 112px; text-align: left; vertical-align: top;\"><a href=\"http:\/\/www.atelier-frederking.de\/\" target=\"_blank\">Sigrid Frederking <\/a><\/p>\n<p>Atelier Altenbeken<\/td>\n<\/tr>\n<tr style=\"height: 48px;\">\n<td style=\"width: 301px; height: 48px; text-align: left; vertical-align: top;\"><a href=\"http:\/\/www.mrssporty.de\/club\/paderborn-sued\/\" target=\"_blank\"><img decoding=\"async\" loading=\"lazy\" class=\"alignnone size-thumbnail wp-image-509\" src=\"http:\/\/helmis-mitmach-atelier.de\/wp-content\/uploads\/2015\/01\/Mrs-Sporty-150x48.jpg\" alt=\"Mrs Sporty\" width=\"150\" height=\"48\" \/><\/a><\/td>\n<td style=\"width: 292px; height: 48px; text-align: left; vertical-align: top;\"><a href=\"http:\/\/www.mrssporty.de\/club\/paderborn-sued\/\" target=\"_blank\">Sportstudio f\u00fcr Frauen in Paderborn<\/a>\u00a0unter Leitung von Rosemarie Mokulies-Schrewe<\/td>\n<\/tr>\n<tr style=\"height: 48px;\">\n<td style=\"width: 301px; height: 48px; text-align: left; vertical-align: top;\"><a href=\"http:\/\/www.garten-bergschneider.de\/\" target=\"_blank\"><img decoding=\"async\" loading=\"lazy\" class=\"alignnone wp-image-546\" src=\"http:\/\/helmis-mitmach-atelier.de\/wp-content\/uploads\/2015\/01\/Rosengarten-Bergschneider.jpg\" alt=\"Rosengarten Bergschneider\" width=\"153\" height=\"149\" \/><\/a><\/td>\n<td style=\"width: 292px; height: 48px; text-align: left; vertical-align: top;\"><a href=\"http:\/\/www.garten-bergschneider.de\/\" target=\"_blank\">Feng-Shui Rosengarten<\/a>\u00a0 von Brigitte Bergschneider in Paderborn<\/td>\n<\/tr>\n<tr style=\"height: 73px;\">\n<td style=\"width: 301px; height: 73px; text-align: left; vertical-align: top;\"><a href=\"http:\/\/www.noriker.de\/\" target=\"_blank\"><img decoding=\"async\" loading=\"lazy\" class=\"alignnone size-thumbnail wp-image-832\" src=\"http:\/\/helmis-mitmach-atelier.de\/wp-content\/uploads\/2015\/01\/Noriker-150x111.jpg\" alt=\"Noriker\" width=\"150\" height=\"111\" \/><\/a><\/td>\n<td style=\"width: 292px; height: 73px; text-align: left; vertical-align: top;\">Unser <a href=\"http:\/\/www.noriker.de\/\" target=\"_blank\">Noriker<\/a>-Gest\u00fct Borkenhagen\u00a0in Ahden veranstaltet Kutschen-Fahrten und noch viel mehr !<\/td>\n<\/tr>\n<tr style=\"height: 73px;\">\n<td style=\"width: 301px; height: 73px; text-align: left; vertical-align: top;\"><a href=\"http:\/\/www.koehlerhof-ahden.de\/index.php\" target=\"_blank\"><img decoding=\"async\" loading=\"lazy\" class=\"alignnone size-thumbnail wp-image-838\" src=\"http:\/\/helmis-mitmach-atelier.de\/wp-content\/uploads\/2015\/01\/Cafe-Pension-K\u00f6hlerhof-150x109.jpg\" alt=\"Cafe Pension K\u00f6hlerhof\" width=\"150\" height=\"109\" \/><\/a><\/td>\n<td style=\"width: 292px; height: 73px; text-align: left; vertical-align: top;\"><a href=\"http:\/\/www.koehlerhof-ahden.de\/index.php\" target=\"_blank\">Maria und Achim Thiemann-Grawe<\/a> betreiben in Ahden eine kleine Pension und ein idyllisches Garten-Caf\u00e9.<\/td>\n<\/tr>\n<tr style=\"height: 48px;\">\n<td style=\"width: 301px; height: 48px; text-align: left; vertical-align: top;\"><a href=\"http:\/\/tanja-esser-auftragsatelier.de\/\" target=\"_blank\"><img decoding=\"async\" loading=\"lazy\" class=\"alignnone size-thumbnail wp-image-598\" src=\"http:\/\/helmis-mitmach-atelier.de\/wp-content\/uploads\/2015\/01\/Tanja-Esser-150x107.jpg\" alt=\"Tanja Esser\" width=\"150\" height=\"107\" srcset=\"http:\/\/helmis-mitmach-atelier.de\/wp-content\/uploads\/2015\/01\/Tanja-Esser-150x107.jpg 150w, http:\/\/helmis-mitmach-atelier.de\/wp-content\/uploads\/2015\/01\/Tanja-Esser.jpg 152w\" sizes=\"(max-width: 150px) 100vw, 150px\" \/><\/a><\/td>\n<td style=\"width: 292px; height: 48px; text-align: left; vertical-align: top;\"><a href=\"http:\/\/tanja-esser-auftragsatelier.de\/\" target=\"_blank\">Tanja Esser<\/a>\u00a0aus Brilon macht Kunst mit dem Fotoapparat<\/td>\n<\/tr>\n<tr style=\"height: 73px;\">\n<td style=\"width: 301px; height: 73px; text-align: left; vertical-align: top;\"><a href=\"http:\/\/www.weiden-flechten.de\/flechtkurse\/\" target=\"_blank\"><img decoding=\"async\" loading=\"lazy\" class=\"alignnone wp-image-544\" src=\"http:\/\/helmis-mitmach-atelier.de\/wp-content\/uploads\/2015\/01\/Flechten-Claudia-Gensch.jpg\" alt=\"Flechten Claudia Gensch\" width=\"149\" height=\"130\" \/><\/a><\/td>\n<td style=\"width: 292px; height: 73px; text-align: left; vertical-align: top;\"><a href=\"http:\/\/www.weiden-flechten.de\/\" target=\"_blank\">Weidenflechten bei Claudia Gensch <\/a>aus Henglarn\u00a0&#8211; Immer eine phantasievolle Sache<\/td>\n<\/tr>\n<tr style=\"height: 73px;\">\n<td style=\"width: 301px; height: 73px; text-align: left; vertical-align: top;\"><a href=\"http:\/\/www.simone-kamm.de\/\" target=\"_blank\"><img decoding=\"async\" loading=\"lazy\" class=\"alignnone wp-image-547\" src=\"http:\/\/helmis-mitmach-atelier.de\/wp-content\/uploads\/2015\/01\/Simone-Kamm-150x150.jpg\" alt=\"Simone Kamm\" width=\"143\" height=\"143\" \/><\/a><\/td>\n<td style=\"width: 292px; height: 73px; text-align: left; vertical-align: top;\"><a href=\"http:\/\/www.simone-kamm.de\/\" target=\"_blank\">Simone Kamm<\/a>\u00a0aus Oberhausen stellt Lichtobjekte aus selbst gemachtem Papier her<\/td>\n<\/tr>\n<tr style=\"height: 48px;\">\n<td style=\"width: 301px; height: 48px; text-align: left; vertical-align: top;\"><a href=\"http:\/\/www.paderphoto-loh.de\/\" target=\"_blank\"><img decoding=\"async\" loading=\"lazy\" class=\"alignnone size-full wp-image-952\" src=\"http:\/\/helmis-mitmach-atelier.de\/wp-content\/uploads\/2015\/01\/HJ-Loh.jpg\" alt=\"HJ Loh\" width=\"138\" height=\"141\" \/><\/a><\/td>\n<td style=\"width: 292px; height: 48px; text-align: left; vertical-align: top;\"><a href=\"http:\/\/www.paderphoto-loh.de\/\" target=\"_blank\">Hans-Joachim Loh<\/a> aus Paderborn macht erlebnisreiche Fotos auf seinen Reisen<\/td>\n<\/tr>\n<tr style=\"height: 112px;\">\n<td style=\"width: 301px; height: 112px; text-align: left; vertical-align: top;\"><a href=\"http:\/\/www.arttdk.de\/\" target=\"_blank\"><img decoding=\"async\" loading=\"lazy\" class=\"alignnone wp-image-1345 size-full\" src=\"http:\/\/helmis-mitmach-atelier.de\/wp-content\/uploads\/2015\/01\/Art-TdK.jpg\" alt=\"\" width=\"98\" height=\"194\" \/><\/a><\/td>\n<td style=\"width: 292px; height: 112px; text-align: left; vertical-align: top;\"><a href=\"http:\/\/www.arttdk.de\/\" target=\"_blank\">Art TdK &#8211; Tage der Kunst<\/a><\/p>\n<p>Die Seite einer Paderborner K\u00fcnstlergruppe<\/td>\n<\/tr>\n<tr style=\"height: 161px;\">\n<td style=\"width: 301px; height: 161px; text-align: left; vertical-align: top;\"><a href=\"http:\/\/www.sabinejaekel.de\/deutsch\/\u00fcber-mich\/\" target=\"_blank\"><img decoding=\"async\" loading=\"lazy\" class=\"alignnone wp-image-1950\" src=\"http:\/\/helmis-mitmach-atelier.de\/wp-content\/uploads\/2015\/01\/Sabine-Jaekel.jpg\" alt=\"sabine-jaekel\" width=\"142\" height=\"136\" \/><\/a><\/td>\n<td style=\"width: 292px; height: 161px; text-align: left; vertical-align: top;\"><a href=\"http:\/\/www.sabinejaekel.de\/deutsch\/\u00fcber-mich\/\" target=\"_blank\">Sabine Jaekel <\/a><\/p>\n<p>Mal- und Kreativschule<\/p>\n<p>Lichtenau<\/td>\n<\/tr>\n<tr style=\"height: 161px;\">\n<td style=\"width: 301px; height: 161px; text-align: left; vertical-align: top;\">\u00a0<a href=\"http:\/\/suat-oezdemir.de\/\" target=\"_blank\"><img decoding=\"async\" loading=\"lazy\" class=\"alignnone wp-image-1951\" src=\"http:\/\/helmis-mitmach-atelier.de\/wp-content\/uploads\/2015\/01\/Suat-\u00d6zdemir.jpg\" alt=\"suat-oezdemir\" width=\"135\" height=\"136\" \/><\/a><\/td>\n<td style=\"width: 292px; height: 161px; text-align: left; vertical-align: top;\"><a href=\"http:\/\/suat-oezdemir.de\/\" target=\"_blank\">SuArt &#8211; Suat \u00d6zdemir<\/a><\/p>\n<p>Kunst aus Flohmarktartikeln<\/p>\n<p>Schloss Neuhaus<\/td>\n<\/tr>\n<tr style=\"height: 161px;\">\n<td style=\"width: 301px; height: 161px; text-align: left; vertical-align: top;\"><a href=\"http:\/\/www.vosart.eu\" target=\"_blank\"><img decoding=\"async\" loading=\"lazy\" class=\"alignnone wp-image-1956\" src=\"http:\/\/helmis-mitmach-atelier.de\/wp-content\/uploads\/2015\/01\/Vos-Jan-Peter.jpg\" alt=\"vos-jan-peter\" width=\"107\" height=\"133\" \/><\/a><\/td>\n<td style=\"width: 292px; height: 161px; text-align: left; vertical-align: top;\"><a href=\"http:\/\/www.vosart.eu\" target=\"_blank\">Jan Peter Vos <\/a><\/p>\n<p>Mutter Natur &#8211; Digital interpretiert<\/p>\n<p>Lichtenau<\/td>\n<\/tr>\n<tr style=\"height: 167px;\">\n<td style=\"width: 301px; height: 167px; text-align: left; vertical-align: top;\">\u00a0<a href=\"http:\/\/ahevents.wixsite.com\/home\" target=\"_blank\"><img decoding=\"async\" loading=\"lazy\" class=\"alignnone wp-image-1665\" src=\"http:\/\/helmis-mitmach-atelier.de\/wp-content\/uploads\/2015\/09\/AHooge-150x150.jpg\" alt=\"AHooge\" width=\"137\" height=\"137\" \/><\/a><\/td>\n<td style=\"width: 292px; height: 167px; text-align: left; vertical-align: top;\"><a href=\"http:\/\/ahevents.wixsite.com\/home\" target=\"_blank\">Tontechnik &#8211; Lichttechnik &#8211; Nebeltechnik <\/a>?<\/p>\n<p><a href=\"http:\/\/ahevents.wixsite.com\/home\" target=\"_blank\">Anton Hooge<\/a>\u00a0aus Erwitte.\u00a0 ;-)<\/td>\n<\/tr>\n<tr style=\"height: 97px;\">\n<td style=\"width: 301px; height: 97px; text-align: left; vertical-align: top;\"><a href=\"http:\/\/www.sandra-schumacher.net\/\" target=\"_blank\"><img decoding=\"async\" loading=\"lazy\" class=\"alignnone wp-image-1493 \" src=\"http:\/\/helmis-mitmach-atelier.de\/wp-content\/uploads\/2015\/01\/Sandra-Schumacher-150x150.jpg\" alt=\"Sandra Schumacher\" width=\"145\" height=\"145\" \/><\/a><\/td>\n<td style=\"width: 292px; height: 97px; text-align: left; vertical-align: top;\">Wenn mal wieder alles zum Weglaufen ist &#8211; macht das besser mit <a href=\"http:\/\/www.sandra-schumacher.net\/\" target=\"_blank\">Sandra<\/a>. Sie zeigt Euch, wie es geht und dazu auch noch Spa\u00df macht.<\/td>\n<\/tr>\n<tr style=\"height: 97px;\">\n<td style=\"width: 301px; height: 97px; text-align: left; vertical-align: top;\">\u00a0<a href=\"http:\/\/www.tanzkontor-paderborn.de\/\" target=\"_blank\"><img decoding=\"async\" loading=\"lazy\" class=\"alignnone wp-image-2386\" src=\"http:\/\/helmis-mitmach-atelier.de\/wp-content\/uploads\/2015\/01\/Tanzkontor.jpg\" alt=\"\" width=\"138\" height=\"165\" \/><\/a><\/td>\n<td style=\"width: 292px; height: 97px; text-align: left; vertical-align: top;\">Hier im <a href=\"http:\/\/www.tanzkontor-paderborn.de\/\" target=\"_blank\">Tanzkontor Paderborn <\/a>gibt es tolle Tanzschuhe! Die Beratung ist sehr gut, die Qualit\u00e4t der Schuhe super, die Preise\u00a0g\u00fcnstig.<\/td>\n<\/tr>\n<tr style=\"height: 97px;\">\n<td style=\"width: 301px; height: 97px; text-align: left; vertical-align: top;\">\u00a0<a href=\"http:\/\/www.stompin-boots.de\/\" target=\"_blank\"><img decoding=\"async\" loading=\"lazy\" class=\"alignnone wp-image-2385\" src=\"http:\/\/helmis-mitmach-atelier.de\/wp-content\/uploads\/2015\/01\/Stompin-Boots.jpg\" alt=\"\" width=\"139\" height=\"108\" \/><\/a><\/td>\n<td style=\"width: 292px; height: 97px; text-align: left; vertical-align: top;\"><a href=\"http:\/\/www.stompin-boots.de\/\" target=\"_blank\">Line Dance Club Stompin\u00b4 Boots\u00a0 Willebadessen<\/a><\/td>\n<\/tr>\n<tr style=\"height: 48px;\">\n<td style=\"width: 301px; height: 48px; text-align: left; vertical-align: top;\">\u00a0<a href=\"http:\/\/www.westernstadt-im-harz.de\/\" target=\"_blank\"><img decoding=\"async\" loading=\"lazy\" class=\"alignnone wp-image-525\" src=\"http:\/\/helmis-mitmach-atelier.de\/wp-content\/uploads\/2015\/01\/Pullman-City-Harz-150x66.jpg\" alt=\"Pullman City Harz\" width=\"141\" height=\"69\" \/><\/a><\/td>\n<td style=\"width: 292px; height: 48px; text-align: left; vertical-align: top;\"><a href=\"http:\/\/www.westernstadt-im-harz.de\/\" target=\"_blank\">Pullman City Harz<\/a>\u00a0ist eine tolle Westernstadt bei Hasselfelde<\/td>\n<\/tr>\n<tr style=\"height: 311px;\">\n<td style=\"width: 301px; height: 311px; text-align: left; vertical-align: top;\">**************************************************<\/p>\n<p>F\u00fcr den Inhalt der verlinkten Seiten sind deren Anbieter selbst verantwortlich;<br \/>\ndie Verlinkung dient lediglich zur Information.<\/p>\n<p>**************************************************<\/td>\n<td style=\"width: 292px; height: 311px; text-align: left; vertical-align: top;\">**************************************************<\/p>\n<p>Ich habe keinerlei Einfluss auf die Gestaltung und den Inhalt der von mir verlinkten Seiten.<\/p>\n<p>.<\/p>\n<p>**************************************************<\/p>\n<p><!-- Text: [end] --> <img decoding=\"async\" loading=\"lazy\" class=\"spacer-gif\" title=\"\" src=\"http:\/\/www.kreativ-buch-ul.de\/clear.gif\" alt=\"\" width=\"1\" height=\"255\" border=\"0\" \/><\/td>\n<\/tr>\n<\/tbody>\n<\/table>\n<p>&nbsp;<\/p>\n","protected":false},"excerpt":{"rendered":"<p>Button von Helmis-Mitmach-@telier zum Verlinken auf Eurer Webseite\u00a0 &#8230;\u00a0 ;-) Helmis Facebook-Seite Powertex Deutschland Hier leben mein Mann Norbert und ich! Gem\u00e4\u00df dem Motto: Ahden &#8211; immer wieder sch\u00f6n! Soraya Amal &#8211; Bauchtanz vom Feinsten in Lippstadt &#8211; Pure Weiblichkeit &hellip; <a href=\"http:\/\/helmis-mitmach-atelier.de\/?page_id=54\">Weiterlesen <span class=\"meta-nav\">&rarr;<\/span><\/a><\/p>\n","protected":false},"author":1,"featured_media":0,"parent":0,"menu_order":200,"comment_status":"closed","ping_status":"closed","template":"sidebar-page.php","meta":[],"_links":{"self":[{"href":"http:\/\/helmis-mitmach-atelier.de\/index.php?rest_route=\/wp\/v2\/pages\/54"}],"collection":[{"href":"http:\/\/helmis-mitmach-atelier.de\/index.php?rest_route=\/wp\/v2\/pages"}],"about":[{"href":"http:\/\/helmis-mitmach-atelier.de\/index.php?rest_route=\/wp\/v2\/types\/page"}],"author":[{"embeddable":true,"href":"http:\/\/helmis-mitmach-atelier.de\/index.php?rest_route=\/wp\/v2\/users\/1"}],"replies":[{"embeddable":true,"href":"http:\/\/helmis-mitmach-atelier.de\/index.php?rest_route=%2Fwp%2Fv2%2Fcomments&post=54"}],"version-history":[{"count":78,"href":"http:\/\/helmis-mitmach-atelier.de\/index.php?rest_route=\/wp\/v2\/pages\/54\/revisions"}],"predecessor-version":[{"id":2403,"href":"http:\/\/helmis-mitmach-atelier.de\/index.php?rest_route=\/wp\/v2\/pages\/54\/revisions\/2403"}],"wp:attachment":[{"href":"http:\/\/helmis-mitmach-atelier.de\/index.php?rest_route=%2Fwp%2Fv2%2Fmedia&parent=54"}],"curies":[{"name":"wp","href":"https:\/\/api.w.org\/{rel}","templated":true}]}}