{"id":48,"date":"2015-01-18T23:25:51","date_gmt":"2015-01-18T22:25:51","guid":{"rendered":"http:\/\/helmis-mitmach-atelier.de\/?page_id=48"},"modified":"2016-08-15T00:16:27","modified_gmt":"2016-08-14T22:16:27","slug":"ueber-mich","status":"publish","type":"page","link":"http:\/\/helmis-mitmach-atelier.de\/?page_id=48","title":{"rendered":"\u00dcber mich"},"content":{"rendered":"<p><a href=\"http:\/\/helmis-mitmach-atelier.de\/wp-content\/uploads\/2015\/01\/1-Merlin.jpg\" target=\"_blank\"><img decoding=\"async\" loading=\"lazy\" class=\" size-medium wp-image-49 alignleft\" src=\"http:\/\/helmis-mitmach-atelier.de\/wp-content\/uploads\/2015\/01\/1-Merlin-225x300.jpg\" alt=\"SAMSUNG\" width=\"225\" height=\"300\" srcset=\"http:\/\/helmis-mitmach-atelier.de\/wp-content\/uploads\/2015\/01\/1-Merlin-225x300.jpg 225w, http:\/\/helmis-mitmach-atelier.de\/wp-content\/uploads\/2015\/01\/1-Merlin-768x1024.jpg 768w, http:\/\/helmis-mitmach-atelier.de\/wp-content\/uploads\/2015\/01\/1-Merlin.jpg 1920w\" sizes=\"(max-width: 225px) 100vw, 225px\" \/><\/a>\u00a0\u00a0\u00a0\u00a0\u00a0\u00a0\u00a0\u00a0\u00a0\u00a0 <a href=\"http:\/\/helmis-mitmach-atelier.de\/wp-content\/uploads\/2015\/01\/EPQ-Zertifikat.jpg\"><img decoding=\"async\" loading=\"lazy\" class=\"alignnone size-medium wp-image-563\" src=\"http:\/\/helmis-mitmach-atelier.de\/wp-content\/uploads\/2015\/01\/EPQ-Zertifikat-206x300.jpg\" alt=\"EPQ-Zertifikat\" width=\"206\" height=\"300\" srcset=\"http:\/\/helmis-mitmach-atelier.de\/wp-content\/uploads\/2015\/01\/EPQ-Zertifikat-206x300.jpg 206w, http:\/\/helmis-mitmach-atelier.de\/wp-content\/uploads\/2015\/01\/EPQ-Zertifikat.jpg 322w\" sizes=\"(max-width: 206px) 100vw, 206px\" \/><\/a><\/p>\n<p>.<\/p>\n<p>Kreativ bin ich seit meiner Kindheit. H\u00e4keln, stricken, n\u00e4hen \u2013 damit fing es an. \u00dcber die Jahre lernte ich die Techniken des Airbrushing und Portraitzeichnens, dann kam ich zum T\u00f6pfern. Mit meinen T\u00f6pferarbeiten habe ich erfolgreich an einigen (Garten-) Ausstellungen und Kunsthandwerkerm\u00e4rkten teilgenommen.<\/p>\n<p>Dazu fand ich 2003 Freude am American Line Dance, das ich bis heute zusammen mit meinem Mann Norbert praktiziere und seit 2006 auch unterrichte. Zusammen mit meinen Sch\u00fclern haben wir immer wieder zahlreiche Auftritte. Ich erwarb die EPQ (Erwachsenenp\u00e4dagogische Qualifizierung), die mich als Dozentin in der Erwachsenenbildung bei verschiedenen Institutionen qualifiziert. Zum Thema Country und Western erstelle ich Schmuck f\u00fcr H\u00fcte, Haare und H\u00e4nde und habe auch hier vereinzelt kleine Ausstellungen gehabt.<\/p>\n<p>W\u00e4hrend der Teilnahme an einer Sommerakademie in Erkelenz lernte ich 2012 das Medium Powertex kennen und war sofort davon begeistert. Ich habe mich in der Powertex-Zentrale in Bocholt (Exclusiv-Vertretung Deutschland) zum Certified Powertex-Instructor ausbilden und zertifizieren lassen, seit 2014 ein kleines Atelier in B\u00fcren und gebe auch hier Workshops zu diesem Thema.<\/p>\n<p>Als kleinen Abstecher in eine ganz andere Richtung habe ich spa\u00dfeshalber an einem Workshop f\u00fcr das Schnitzen mit der Kettens\u00e4ge teilgenommen \u2013 das erstellte Kunstwerk kann heute an unserem Haus bewundert werden. \u00a0 :-D<\/p>\n<p>Vielleicht gibt es etwas auf diesen Seiten, das Du gern ausprobieren m\u00f6chtest?<br \/>\nDann\u00a0nimm doch Kontakt mit mir auf ! Ich freue mich auf Dich !<\/p>\n<p><a href=\"http:\/\/helmis-mitmach-atelier.de\/wp-content\/uploads\/2015\/01\/Certified-PT-Trainer.jpg\"><img decoding=\"async\" loading=\"lazy\" class=\"alignnone size-full wp-image-565\" src=\"http:\/\/helmis-mitmach-atelier.de\/wp-content\/uploads\/2015\/01\/Certified-PT-Trainer.jpg\" alt=\"Certified PT Trainer\" width=\"104\" height=\"91\" \/><\/a><\/p>\n<p>&nbsp;<\/p>\n<p><a href=\"http:\/\/helmis-mitmach-atelier.de\/wp-content\/uploads\/2015\/01\/Zertifikate-PT.jpg\"><img decoding=\"async\" loading=\"lazy\" class=\"alignnone size-full wp-image-561\" src=\"http:\/\/helmis-mitmach-atelier.de\/wp-content\/uploads\/2015\/01\/Zertifikate-PT.jpg\" alt=\"Zertifikate PT\" width=\"628\" height=\"222\" srcset=\"http:\/\/helmis-mitmach-atelier.de\/wp-content\/uploads\/2015\/01\/Zertifikate-PT.jpg 628w, http:\/\/helmis-mitmach-atelier.de\/wp-content\/uploads\/2015\/01\/Zertifikate-PT-300x106.jpg 300w, http:\/\/helmis-mitmach-atelier.de\/wp-content\/uploads\/2015\/01\/Zertifikate-PT-500x177.jpg 500w\" sizes=\"(max-width: 628px) 100vw, 628px\" \/><\/a><\/p>\n<p>&nbsp;<\/p>\n<p>&nbsp;<\/p>\n","protected":false},"excerpt":{"rendered":"<p>\u00a0\u00a0\u00a0\u00a0\u00a0\u00a0\u00a0\u00a0\u00a0\u00a0 . Kreativ bin ich seit meiner Kindheit. H\u00e4keln, stricken, n\u00e4hen \u2013 damit fing es an. \u00dcber die Jahre lernte ich die Techniken des Airbrushing und Portraitzeichnens, dann kam ich zum T\u00f6pfern. Mit meinen T\u00f6pferarbeiten habe ich erfolgreich an einigen &hellip; <a href=\"http:\/\/helmis-mitmach-atelier.de\/?page_id=48\">Weiterlesen <span class=\"meta-nav\">&rarr;<\/span><\/a><\/p>\n","protected":false},"author":1,"featured_media":0,"parent":0,"menu_order":190,"comment_status":"closed","ping_status":"closed","template":"sidebar-page.php","meta":[],"_links":{"self":[{"href":"http:\/\/helmis-mitmach-atelier.de\/index.php?rest_route=\/wp\/v2\/pages\/48"}],"collection":[{"href":"http:\/\/helmis-mitmach-atelier.de\/index.php?rest_route=\/wp\/v2\/pages"}],"about":[{"href":"http:\/\/helmis-mitmach-atelier.de\/index.php?rest_route=\/wp\/v2\/types\/page"}],"author":[{"embeddable":true,"href":"http:\/\/helmis-mitmach-atelier.de\/index.php?rest_route=\/wp\/v2\/users\/1"}],"replies":[{"embeddable":true,"href":"http:\/\/helmis-mitmach-atelier.de\/index.php?rest_route=%2Fwp%2Fv2%2Fcomments&post=48"}],"version-history":[{"count":8,"href":"http:\/\/helmis-mitmach-atelier.de\/index.php?rest_route=\/wp\/v2\/pages\/48\/revisions"}],"predecessor-version":[{"id":1637,"href":"http:\/\/helmis-mitmach-atelier.de\/index.php?rest_route=\/wp\/v2\/pages\/48\/revisions\/1637"}],"wp:attachment":[{"href":"http:\/\/helmis-mitmach-atelier.de\/index.php?rest_route=%2Fwp%2Fv2%2Fmedia&parent=48"}],"curies":[{"name":"wp","href":"https:\/\/api.w.org\/{rel}","templated":true}]}}