{"id":43,"date":"2015-01-18T23:22:52","date_gmt":"2015-01-18T22:22:52","guid":{"rendered":"http:\/\/helmis-mitmach-atelier.de\/?page_id=43"},"modified":"2016-12-06T00:23:38","modified_gmt":"2016-12-05T23:23:38","slug":"flechten-und-knuepfen","status":"publish","type":"page","link":"http:\/\/helmis-mitmach-atelier.de\/?page_id=43","title":{"rendered":"Flechten"},"content":{"rendered":"<p><a href=\"http:\/\/helmis-mitmach-atelier.de\/wp-content\/uploads\/2015\/01\/Korb-geflochten.jpg\"><img decoding=\"async\" loading=\"lazy\" class=\" size-medium wp-image-44 alignleft\" src=\"http:\/\/helmis-mitmach-atelier.de\/wp-content\/uploads\/2015\/01\/Korb-geflochten-300x225.jpg\" alt=\"SAMSUNG\" width=\"300\" height=\"225\" srcset=\"http:\/\/helmis-mitmach-atelier.de\/wp-content\/uploads\/2015\/01\/Korb-geflochten-300x225.jpg 300w, http:\/\/helmis-mitmach-atelier.de\/wp-content\/uploads\/2015\/01\/Korb-geflochten-1024x768.jpg 1024w, http:\/\/helmis-mitmach-atelier.de\/wp-content\/uploads\/2015\/01\/Korb-geflochten-400x300.jpg 400w\" sizes=\"(max-width: 300px) 100vw, 300px\" \/><\/a>Flechtwerke mit Weiden oder Rattan und Kn\u00fcpfen in Makramee-Technik sind schon uralt,\u00a0sehen aber\u00a0trotzdem immer wieder toll aus. Hier ein Beispiel mit verschiedenen Materialien in Kombination.<\/p>\n<p>.<\/p>\n<p>.<\/p>\n<p>.<\/p>\n<p>.<\/p>\n<p>&nbsp;<\/p>\n<p>Hier weitere Objekte, die ich in verschiedenen Workshops selbst\u00a0erstellt habe. Hier war <strong>ich<\/strong> die Sch\u00fclerin! F\u00fcr eine gr\u00f6\u00dfere Ansicht bitte auf das jeweilige Bild klicken.<\/p>\n<p><a href=\"http:\/\/helmis-mitmach-atelier.de\/wp-content\/uploads\/2015\/01\/Flechten-Schmetterling.jpg\"><img decoding=\"async\" loading=\"lazy\" class=\"alignnone size-thumbnail wp-image-135\" src=\"http:\/\/helmis-mitmach-atelier.de\/wp-content\/uploads\/2015\/01\/Flechten-Schmetterling-150x150.jpg\" alt=\"Flechten Schmetterling\" width=\"150\" height=\"150\" srcset=\"http:\/\/helmis-mitmach-atelier.de\/wp-content\/uploads\/2015\/01\/Flechten-Schmetterling-150x150.jpg 150w, http:\/\/helmis-mitmach-atelier.de\/wp-content\/uploads\/2015\/01\/Flechten-Schmetterling-287x288.jpg 287w\" sizes=\"(max-width: 150px) 100vw, 150px\" \/><\/a> <a href=\"http:\/\/helmis-mitmach-atelier.de\/wp-content\/uploads\/2015\/01\/Flechten-Skulptur-01.jpg\"><img decoding=\"async\" loading=\"lazy\" class=\"alignnone size-thumbnail wp-image-136\" src=\"http:\/\/helmis-mitmach-atelier.de\/wp-content\/uploads\/2015\/01\/Flechten-Skulptur-01-150x150.jpg\" alt=\"SAMSUNG\" width=\"150\" height=\"150\" \/><\/a> <a href=\"http:\/\/helmis-mitmach-atelier.de\/wp-content\/uploads\/2015\/01\/Flechten-F\u00fcllhorn.jpg\"><img decoding=\"async\" loading=\"lazy\" class=\"alignnone size-thumbnail wp-image-137\" src=\"http:\/\/helmis-mitmach-atelier.de\/wp-content\/uploads\/2015\/01\/Flechten-F\u00fcllhorn-150x150.jpg\" alt=\"SAMSUNG\" width=\"150\" height=\"150\" \/><\/a> <a href=\"http:\/\/helmis-mitmach-atelier.de\/wp-content\/uploads\/2015\/01\/Flechten-Objekt-mit-Traumf\u00e4nger.jpg\"><img decoding=\"async\" loading=\"lazy\" class=\"alignnone size-thumbnail wp-image-138\" src=\"http:\/\/helmis-mitmach-atelier.de\/wp-content\/uploads\/2015\/01\/Flechten-Objekt-mit-Traumf\u00e4nger-150x150.jpg\" alt=\"Flechten Objekt mit Traumf\u00e4nger\" width=\"150\" height=\"150\" \/><\/a>\u00a0Hier habe ich einen Traumf\u00e4nger aus Weide mit &#8222;eingebaut&#8220;- mal etwas anderes, oder?<\/p>\n<p>&nbsp;<\/p>\n","protected":false},"excerpt":{"rendered":"<p>Flechtwerke mit Weiden oder Rattan und Kn\u00fcpfen in Makramee-Technik sind schon uralt,\u00a0sehen aber\u00a0trotzdem immer wieder toll aus. Hier ein Beispiel mit verschiedenen Materialien in Kombination. . . . . &nbsp; Hier weitere Objekte, die ich in verschiedenen Workshops selbst\u00a0erstellt habe. &hellip; <a href=\"http:\/\/helmis-mitmach-atelier.de\/?page_id=43\">Weiterlesen <span class=\"meta-nav\">&rarr;<\/span><\/a><\/p>\n","protected":false},"author":1,"featured_media":0,"parent":0,"menu_order":170,"comment_status":"closed","ping_status":"closed","template":"sidebar-page.php","meta":[],"_links":{"self":[{"href":"http:\/\/helmis-mitmach-atelier.de\/index.php?rest_route=\/wp\/v2\/pages\/43"}],"collection":[{"href":"http:\/\/helmis-mitmach-atelier.de\/index.php?rest_route=\/wp\/v2\/pages"}],"about":[{"href":"http:\/\/helmis-mitmach-atelier.de\/index.php?rest_route=\/wp\/v2\/types\/page"}],"author":[{"embeddable":true,"href":"http:\/\/helmis-mitmach-atelier.de\/index.php?rest_route=\/wp\/v2\/users\/1"}],"replies":[{"embeddable":true,"href":"http:\/\/helmis-mitmach-atelier.de\/index.php?rest_route=%2Fwp%2Fv2%2Fcomments&post=43"}],"version-history":[{"count":8,"href":"http:\/\/helmis-mitmach-atelier.de\/index.php?rest_route=\/wp\/v2\/pages\/43\/revisions"}],"predecessor-version":[{"id":2077,"href":"http:\/\/helmis-mitmach-atelier.de\/index.php?rest_route=\/wp\/v2\/pages\/43\/revisions\/2077"}],"wp:attachment":[{"href":"http:\/\/helmis-mitmach-atelier.de\/index.php?rest_route=%2Fwp%2Fv2%2Fmedia&parent=43"}],"curies":[{"name":"wp","href":"https:\/\/api.w.org\/{rel}","templated":true}]}}