{"id":40,"date":"2015-01-18T23:21:20","date_gmt":"2015-01-18T22:21:20","guid":{"rendered":"http:\/\/helmis-mitmach-atelier.de\/?page_id=40"},"modified":"2015-04-12T06:08:04","modified_gmt":"2015-04-12T04:08:04","slug":"toepfern","status":"publish","type":"page","link":"http:\/\/helmis-mitmach-atelier.de\/?page_id=40","title":{"rendered":"T\u00f6pfern"},"content":{"rendered":"<p><a href=\"http:\/\/helmis-mitmach-atelier.de\/wp-content\/uploads\/2015\/01\/Keramik-guter-Geist.jpg\"><img decoding=\"async\" loading=\"lazy\" class=\" size-medium wp-image-41 alignleft\" src=\"http:\/\/helmis-mitmach-atelier.de\/wp-content\/uploads\/2015\/01\/Keramik-guter-Geist-300x225.jpg\" alt=\"SAMSUNG\" width=\"300\" height=\"225\" srcset=\"http:\/\/helmis-mitmach-atelier.de\/wp-content\/uploads\/2015\/01\/Keramik-guter-Geist-300x225.jpg 300w, http:\/\/helmis-mitmach-atelier.de\/wp-content\/uploads\/2015\/01\/Keramik-guter-Geist-1024x768.jpg 1024w, http:\/\/helmis-mitmach-atelier.de\/wp-content\/uploads\/2015\/01\/Keramik-guter-Geist-400x300.jpg 400w\" sizes=\"(max-width: 300px) 100vw, 300px\" \/><\/a>Hier lasse ich mich gern inspirieren von M\u00e4rchen und Phantasie-Geschichten. Bei mir wohnen Elfen, Zwerge und viele gute Geister.<\/p>\n<p>Weitere Bilder in loser Reihenfolge. F\u00fcr eine gr\u00f6\u00dfere Ansicht bitte auf das jeweilige Bild klicken.<\/p>\n<p>.<\/p>\n<p>.<\/p>\n<p>&nbsp;<\/p>\n<p><a href=\"http:\/\/helmis-mitmach-atelier.de\/wp-content\/uploads\/2015\/01\/T\u00f6pfern-Hausgeist.jpg\"><img decoding=\"async\" loading=\"lazy\" class=\"alignnone size-thumbnail wp-image-154\" src=\"http:\/\/helmis-mitmach-atelier.de\/wp-content\/uploads\/2015\/01\/T\u00f6pfern-Hausgeist-150x150.jpg\" alt=\"SAMSUNG\" width=\"150\" height=\"150\" \/><\/a> <a href=\"http:\/\/helmis-mitmach-atelier.de\/wp-content\/uploads\/2015\/01\/T\u00f6pfern-Licht-und-anderes-01.jpg\"><img decoding=\"async\" loading=\"lazy\" class=\"alignnone size-thumbnail wp-image-155\" src=\"http:\/\/helmis-mitmach-atelier.de\/wp-content\/uploads\/2015\/01\/T\u00f6pfern-Licht-und-anderes-01-150x150.jpg\" alt=\"T\u00f6pfern Licht und anderes 01\" width=\"150\" height=\"150\" \/><\/a> <a href=\"http:\/\/helmis-mitmach-atelier.de\/wp-content\/uploads\/2015\/01\/T\u00f6pfern-Nubische-Elfe.jpg\"><img decoding=\"async\" loading=\"lazy\" class=\"alignnone size-thumbnail wp-image-156\" src=\"http:\/\/helmis-mitmach-atelier.de\/wp-content\/uploads\/2015\/01\/T\u00f6pfern-Nubische-Elfe-150x150.jpg\" alt=\"SAMSUNG\" width=\"150\" height=\"150\" \/><\/a> <a href=\"http:\/\/helmis-mitmach-atelier.de\/wp-content\/uploads\/2015\/01\/T\u00f6pfern-Dobby.jpg\"><img decoding=\"async\" loading=\"lazy\" class=\"alignnone size-thumbnail wp-image-157\" src=\"http:\/\/helmis-mitmach-atelier.de\/wp-content\/uploads\/2015\/01\/T\u00f6pfern-Dobby-150x150.jpg\" alt=\"T\u00f6pfern Dobby\" width=\"150\" height=\"150\" \/><\/a> <a href=\"http:\/\/helmis-mitmach-atelier.de\/wp-content\/uploads\/2015\/01\/T\u00f6pfern-Elfe-und-Pan.jpg\"><img decoding=\"async\" loading=\"lazy\" class=\"alignnone size-thumbnail wp-image-158\" src=\"http:\/\/helmis-mitmach-atelier.de\/wp-content\/uploads\/2015\/01\/T\u00f6pfern-Elfe-und-Pan-150x150.jpg\" alt=\"SAMSUNG\" width=\"150\" height=\"150\" \/><\/a> <a href=\"http:\/\/helmis-mitmach-atelier.de\/wp-content\/uploads\/2015\/01\/T\u00f6pfern-Eule-01.jpg\"><img decoding=\"async\" loading=\"lazy\" class=\"alignnone size-thumbnail wp-image-159\" src=\"http:\/\/helmis-mitmach-atelier.de\/wp-content\/uploads\/2015\/01\/T\u00f6pfern-Eule-01-150x150.jpg\" alt=\"SAMSUNG\" width=\"150\" height=\"150\" \/><\/a> <a href=\"http:\/\/helmis-mitmach-atelier.de\/wp-content\/uploads\/2015\/01\/T\u00f6pfern-Gartendeko-02.jpg\"><img decoding=\"async\" loading=\"lazy\" class=\"alignnone size-thumbnail wp-image-160\" src=\"http:\/\/helmis-mitmach-atelier.de\/wp-content\/uploads\/2015\/01\/T\u00f6pfern-Gartendeko-02-150x150.jpg\" alt=\"T\u00f6pfern Gartendeko 02\" width=\"150\" height=\"150\" \/><\/a> <a href=\"http:\/\/helmis-mitmach-atelier.de\/wp-content\/uploads\/2015\/01\/T\u00f6pfern-Gartenweisheit-01.jpg\"><img decoding=\"async\" loading=\"lazy\" class=\"alignnone size-thumbnail wp-image-161\" src=\"http:\/\/helmis-mitmach-atelier.de\/wp-content\/uploads\/2015\/01\/T\u00f6pfern-Gartenweisheit-01-150x150.jpg\" alt=\"T\u00f6pfern Gartenweisheit 01\" width=\"150\" height=\"150\" \/><\/a><\/p>\n","protected":false},"excerpt":{"rendered":"<p>Hier lasse ich mich gern inspirieren von M\u00e4rchen und Phantasie-Geschichten. Bei mir wohnen Elfen, Zwerge und viele gute Geister. Weitere Bilder in loser Reihenfolge. F\u00fcr eine gr\u00f6\u00dfere Ansicht bitte auf das jeweilige Bild klicken. . . &nbsp;<\/p>\n","protected":false},"author":1,"featured_media":0,"parent":0,"menu_order":160,"comment_status":"closed","ping_status":"closed","template":"sidebar-page.php","meta":[],"_links":{"self":[{"href":"http:\/\/helmis-mitmach-atelier.de\/index.php?rest_route=\/wp\/v2\/pages\/40"}],"collection":[{"href":"http:\/\/helmis-mitmach-atelier.de\/index.php?rest_route=\/wp\/v2\/pages"}],"about":[{"href":"http:\/\/helmis-mitmach-atelier.de\/index.php?rest_route=\/wp\/v2\/types\/page"}],"author":[{"embeddable":true,"href":"http:\/\/helmis-mitmach-atelier.de\/index.php?rest_route=\/wp\/v2\/users\/1"}],"replies":[{"embeddable":true,"href":"http:\/\/helmis-mitmach-atelier.de\/index.php?rest_route=%2Fwp%2Fv2%2Fcomments&post=40"}],"version-history":[{"count":3,"href":"http:\/\/helmis-mitmach-atelier.de\/index.php?rest_route=\/wp\/v2\/pages\/40\/revisions"}],"predecessor-version":[{"id":153,"href":"http:\/\/helmis-mitmach-atelier.de\/index.php?rest_route=\/wp\/v2\/pages\/40\/revisions\/153"}],"wp:attachment":[{"href":"http:\/\/helmis-mitmach-atelier.de\/index.php?rest_route=%2Fwp%2Fv2%2Fmedia&parent=40"}],"curies":[{"name":"wp","href":"https:\/\/api.w.org\/{rel}","templated":true}]}}