{"id":37,"date":"2015-01-18T23:19:52","date_gmt":"2015-01-18T22:19:52","guid":{"rendered":"http:\/\/helmis-mitmach-atelier.de\/?page_id=37"},"modified":"2015-04-12T05:53:48","modified_gmt":"2015-04-12T03:53:48","slug":"lichtobjekte","status":"publish","type":"page","link":"http:\/\/helmis-mitmach-atelier.de\/?page_id=37","title":{"rendered":"Lichtobjekte"},"content":{"rendered":"<div id=\"attachment_240\" style=\"width: 310px\" class=\"wp-caption alignleft\"><a href=\"http:\/\/helmis-mitmach-atelier.de\/wp-content\/uploads\/2015\/01\/Gr\u00fcner-Pilz-4.jpg\"><img aria-describedby=\"caption-attachment-240\" decoding=\"async\" loading=\"lazy\" class=\"size-medium wp-image-240\" src=\"http:\/\/helmis-mitmach-atelier.de\/wp-content\/uploads\/2015\/01\/Gr\u00fcner-Pilz-4-300x175.jpg\" alt=\"Pilz aus Leuchtgarn auf Flasche - mit Leucht-Pigmenten bearbeiet\" width=\"300\" height=\"175\" srcset=\"http:\/\/helmis-mitmach-atelier.de\/wp-content\/uploads\/2015\/01\/Gr\u00fcner-Pilz-4-300x175.jpg 300w, http:\/\/helmis-mitmach-atelier.de\/wp-content\/uploads\/2015\/01\/Gr\u00fcner-Pilz-4-500x292.jpg 500w, http:\/\/helmis-mitmach-atelier.de\/wp-content\/uploads\/2015\/01\/Gr\u00fcner-Pilz-4.jpg 742w\" sizes=\"(max-width: 300px) 100vw, 300px\" \/><\/a><p id=\"caption-attachment-240\" class=\"wp-caption-text\">Pilz aus Leuchtgarn auf Flasche &#8211; mit Leucht-Pigmenten bearbeitet<\/p><\/div>\n<p>Hier probiere ich einfach mal alles M\u00f6gliche aus, was machbar ist mit den verschiedensten Techniken und Materialien.<\/p>\n<p>F\u00fcr eine gr\u00f6\u00dfere Ansicht bitte auf das jeweilige Bild klicken.<\/p>\n<table>\n<tbody>\n<tr>\n<td>\n<p><div id=\"attachment_242\" style=\"width: 160px\" class=\"wp-caption alignnone\"><a href=\"http:\/\/helmis-mitmach-atelier.de\/wp-content\/uploads\/2015\/01\/Papierlampe-4.jpg\"><img aria-describedby=\"caption-attachment-242\" decoding=\"async\" loading=\"lazy\" class=\"wp-image-242 size-thumbnail\" src=\"http:\/\/helmis-mitmach-atelier.de\/wp-content\/uploads\/2015\/01\/Papierlampe-4-150x150.jpg\" alt=\"Papierlampe 4\" width=\"150\" height=\"150\" \/><\/a><p id=\"caption-attachment-242\" class=\"wp-caption-text\">Schirm aus Spargelschalen-Papier mit Organza Fu\u00df: Alte Vase mit Easy 3D bearbeitet<\/p><\/div><\/td>\n<td>\n<p><div id=\"attachment_241\" style=\"width: 160px\" class=\"wp-caption alignnone\"><a href=\"http:\/\/helmis-mitmach-atelier.de\/wp-content\/uploads\/2015\/01\/Kerze-mit-Herz-2.jpg\"><img aria-describedby=\"caption-attachment-241\" decoding=\"async\" loading=\"lazy\" class=\"wp-image-241 size-thumbnail\" src=\"http:\/\/helmis-mitmach-atelier.de\/wp-content\/uploads\/2015\/01\/Kerze-mit-Herz-2-150x150.jpg\" alt=\"Kerze mit Herz 2\" width=\"150\" height=\"150\" \/><\/a><p id=\"caption-attachment-241\" class=\"wp-caption-text\">Kerzenst\u00e4nder mit Herz<\/p><\/div><\/td>\n<\/tr>\n<tr>\n<td>\n<p><div id=\"attachment_144\" style=\"width: 160px\" class=\"wp-caption alignnone\"><a href=\"http:\/\/helmis-mitmach-atelier.de\/wp-content\/uploads\/2015\/01\/Lichtobjekte-Papier-aus-Spargelschale-undOrganza.jpg\"><img aria-describedby=\"caption-attachment-144\" decoding=\"async\" loading=\"lazy\" class=\"wp-image-144 size-thumbnail\" src=\"http:\/\/helmis-mitmach-atelier.de\/wp-content\/uploads\/2015\/01\/Lichtobjekte-Papier-aus-Spargelschale-undOrganza-150x150.jpg\" alt=\"SAMSUNG\" width=\"150\" height=\"150\" \/><\/a><p id=\"caption-attachment-144\" class=\"wp-caption-text\">In Oberhausen bei Simone Kamm gemacht &#8211; mit Papier aus Spargelschalen und Organza-Stoff<\/p><\/div><\/td>\n<td>\n<p><div id=\"attachment_145\" style=\"width: 160px\" class=\"wp-caption alignnone\"><a href=\"http:\/\/helmis-mitmach-atelier.de\/wp-content\/uploads\/2015\/01\/Lichtobjekte-Vogel-hell-und-dunkel.jpg\"><img aria-describedby=\"caption-attachment-145\" decoding=\"async\" loading=\"lazy\" class=\"wp-image-145 size-thumbnail\" src=\"http:\/\/helmis-mitmach-atelier.de\/wp-content\/uploads\/2015\/01\/Lichtobjekte-Vogel-hell-und-dunkel-150x150.jpg\" alt=\"Lichtobjekte Vogel hell und dunkel\" width=\"150\" height=\"150\" \/><\/a><p id=\"caption-attachment-145\" class=\"wp-caption-text\">V\u00f6gel aus hellem und dunklem Ton &#8211; befestigt mit Draht<\/p><\/div><\/td>\n<\/tr>\n<tr>\n<td>\n<p><div id=\"attachment_147\" style=\"width: 160px\" class=\"wp-caption alignnone\"><a href=\"http:\/\/helmis-mitmach-atelier.de\/wp-content\/uploads\/2015\/01\/Lichtobjekte-Wasserkugel.jpg\"><img aria-describedby=\"caption-attachment-147\" decoding=\"async\" loading=\"lazy\" class=\"wp-image-147 size-thumbnail\" src=\"http:\/\/helmis-mitmach-atelier.de\/wp-content\/uploads\/2015\/01\/Lichtobjekte-Wasserkugel-150x150.jpg\" alt=\"Lichtobjekte Wasserkugel\" width=\"150\" height=\"150\" \/><\/a><p id=\"caption-attachment-147\" class=\"wp-caption-text\">Wasserspiel mit Beleuchtung aus Ton<\/p><\/div><\/td>\n<td>\n<p><div id=\"attachment_149\" style=\"width: 160px\" class=\"wp-caption alignnone\"><a href=\"http:\/\/helmis-mitmach-atelier.de\/wp-content\/uploads\/2015\/01\/Lichtobjekte-Kugel-01.jpg\"><img aria-describedby=\"caption-attachment-149\" decoding=\"async\" loading=\"lazy\" class=\"wp-image-149 size-thumbnail\" src=\"http:\/\/helmis-mitmach-atelier.de\/wp-content\/uploads\/2015\/01\/Lichtobjekte-Kugel-01-150x150.jpg\" alt=\"Lichtobjekte Kugel 01\" width=\"150\" height=\"150\" \/><\/a><p id=\"caption-attachment-149\" class=\"wp-caption-text\">Gr\u00fcne Ton-Kugel mit Beleuchtung<\/p><\/div><\/td>\n<\/tr>\n<tr>\n<td>\n<p><div id=\"attachment_150\" style=\"width: 160px\" class=\"wp-caption alignnone\"><a href=\"http:\/\/helmis-mitmach-atelier.de\/wp-content\/uploads\/2015\/01\/Lichtobjekte-Kugel-02.jpg\"><img aria-describedby=\"caption-attachment-150\" decoding=\"async\" loading=\"lazy\" class=\"wp-image-150 size-thumbnail\" src=\"http:\/\/helmis-mitmach-atelier.de\/wp-content\/uploads\/2015\/01\/Lichtobjekte-Kugel-02-150x150.jpg\" alt=\"Lichtobjekte Kugel 02\" width=\"150\" height=\"150\" \/><\/a><p id=\"caption-attachment-150\" class=\"wp-caption-text\">Blaue Ton-Kugel mit Beleuchtung<\/p><\/div><\/td>\n<td>\n<p><div id=\"attachment_38\" style=\"width: 160px\" class=\"wp-caption alignnone\"><a href=\"http:\/\/helmis-mitmach-atelier.de\/wp-content\/uploads\/2015\/01\/Leuchtkugel.jpg\"><img aria-describedby=\"caption-attachment-38\" decoding=\"async\" loading=\"lazy\" class=\"wp-image-38 size-thumbnail\" src=\"http:\/\/helmis-mitmach-atelier.de\/wp-content\/uploads\/2015\/01\/Leuchtkugel-150x150.jpg\" alt=\"Leuchtkugel\" width=\"150\" height=\"150\" \/><\/a><p id=\"caption-attachment-38\" class=\"wp-caption-text\">Kugel aus Ton &#8211; mit Beleuchtung<\/p><\/div><\/td>\n<\/tr>\n<tr>\n<td>\n<p><div id=\"attachment_151\" style=\"width: 160px\" class=\"wp-caption alignnone\"><a href=\"http:\/\/helmis-mitmach-atelier.de\/wp-content\/uploads\/2015\/01\/Lichtobjekte-Lichts\u00e4ule.jpg\"><img aria-describedby=\"caption-attachment-151\" decoding=\"async\" loading=\"lazy\" class=\"wp-image-151 size-thumbnail\" src=\"http:\/\/helmis-mitmach-atelier.de\/wp-content\/uploads\/2015\/01\/Lichtobjekte-Lichts\u00e4ule-150x150.jpg\" alt=\"Lichtobjekte Lichts\u00e4ule\" width=\"150\" height=\"150\" \/><\/a><p id=\"caption-attachment-151\" class=\"wp-caption-text\">R\u00f6hre aus Ton mit Beleuchtung<\/p><\/div><\/td>\n<td><\/td>\n<\/tr>\n<\/tbody>\n<\/table>\n<p>&nbsp;<\/p>\n<p>&nbsp;<\/p>\n","protected":false},"excerpt":{"rendered":"<p>Hier probiere ich einfach mal alles M\u00f6gliche aus, was machbar ist mit den verschiedensten Techniken und Materialien. F\u00fcr eine gr\u00f6\u00dfere Ansicht bitte auf das jeweilige Bild klicken. &nbsp; &nbsp;<\/p>\n","protected":false},"author":1,"featured_media":0,"parent":0,"menu_order":150,"comment_status":"closed","ping_status":"closed","template":"sidebar-page.php","meta":[],"_links":{"self":[{"href":"http:\/\/helmis-mitmach-atelier.de\/index.php?rest_route=\/wp\/v2\/pages\/37"}],"collection":[{"href":"http:\/\/helmis-mitmach-atelier.de\/index.php?rest_route=\/wp\/v2\/pages"}],"about":[{"href":"http:\/\/helmis-mitmach-atelier.de\/index.php?rest_route=\/wp\/v2\/types\/page"}],"author":[{"embeddable":true,"href":"http:\/\/helmis-mitmach-atelier.de\/index.php?rest_route=\/wp\/v2\/users\/1"}],"replies":[{"embeddable":true,"href":"http:\/\/helmis-mitmach-atelier.de\/index.php?rest_route=%2Fwp%2Fv2%2Fcomments&post=37"}],"version-history":[{"count":10,"href":"http:\/\/helmis-mitmach-atelier.de\/index.php?rest_route=\/wp\/v2\/pages\/37\/revisions"}],"predecessor-version":[{"id":303,"href":"http:\/\/helmis-mitmach-atelier.de\/index.php?rest_route=\/wp\/v2\/pages\/37\/revisions\/303"}],"wp:attachment":[{"href":"http:\/\/helmis-mitmach-atelier.de\/index.php?rest_route=%2Fwp%2Fv2%2Fmedia&parent=37"}],"curies":[{"name":"wp","href":"https:\/\/api.w.org\/{rel}","templated":true}]}}