{"id":25,"date":"2015-01-18T23:15:02","date_gmt":"2015-01-18T22:15:02","guid":{"rendered":"http:\/\/helmis-mitmach-atelier.de\/?page_id=25"},"modified":"2015-04-12T05:56:36","modified_gmt":"2015-04-12T03:56:36","slug":"handschmuck","status":"publish","type":"page","link":"http:\/\/helmis-mitmach-atelier.de\/?page_id=25","title":{"rendered":"Handschmuck"},"content":{"rendered":"<p>Hier finden Sie einige Beispiele, wie Handschmuck aussehen kann.<\/p>\n<p>Diesen stelle ich f\u00fcr die Country-Szene her, aber auch f\u00fcr elegante Abendmode. Farbe und Muster werden abgestimmt auf das dazugeh\u00f6rige Kleid.<\/p>\n<p>.<\/p>\n<p>&nbsp;<\/p>\n<p><a href=\"http:\/\/helmis-mitmach-atelier.de\/wp-content\/uploads\/2015\/01\/Handschmuck-02.jpg\"><img decoding=\"async\" loading=\"lazy\" class=\"alignnone size-medium wp-image-168\" src=\"http:\/\/helmis-mitmach-atelier.de\/wp-content\/uploads\/2015\/01\/Handschmuck-02-300x300.jpg\" alt=\"Handschmuck 02\" width=\"300\" height=\"300\" srcset=\"http:\/\/helmis-mitmach-atelier.de\/wp-content\/uploads\/2015\/01\/Handschmuck-02-300x300.jpg 300w, http:\/\/helmis-mitmach-atelier.de\/wp-content\/uploads\/2015\/01\/Handschmuck-02-150x150.jpg 150w, http:\/\/helmis-mitmach-atelier.de\/wp-content\/uploads\/2015\/01\/Handschmuck-02.jpg 611w\" sizes=\"(max-width: 300px) 100vw, 300px\" \/><\/a> <a href=\"http:\/\/helmis-mitmach-atelier.de\/wp-content\/uploads\/2015\/01\/Handschmuck-01.jpg\"><img decoding=\"async\" loading=\"lazy\" class=\"alignnone size-medium wp-image-169\" src=\"http:\/\/helmis-mitmach-atelier.de\/wp-content\/uploads\/2015\/01\/Handschmuck-01-300x169.jpg\" alt=\"Handschmuck 01\" width=\"300\" height=\"169\" srcset=\"http:\/\/helmis-mitmach-atelier.de\/wp-content\/uploads\/2015\/01\/Handschmuck-01-300x169.jpg 300w, http:\/\/helmis-mitmach-atelier.de\/wp-content\/uploads\/2015\/01\/Handschmuck-01-500x281.jpg 500w, http:\/\/helmis-mitmach-atelier.de\/wp-content\/uploads\/2015\/01\/Handschmuck-01.jpg 576w\" sizes=\"(max-width: 300px) 100vw, 300px\" \/><\/a><\/p>\n","protected":false},"excerpt":{"rendered":"<p>Hier finden Sie einige Beispiele, wie Handschmuck aussehen kann. Diesen stelle ich f\u00fcr die Country-Szene her, aber auch f\u00fcr elegante Abendmode. Farbe und Muster werden abgestimmt auf das dazugeh\u00f6rige Kleid. . &nbsp;<\/p>\n","protected":false},"author":1,"featured_media":0,"parent":211,"menu_order":100,"comment_status":"closed","ping_status":"closed","template":"sidebar-page.php","meta":[],"_links":{"self":[{"href":"http:\/\/helmis-mitmach-atelier.de\/index.php?rest_route=\/wp\/v2\/pages\/25"}],"collection":[{"href":"http:\/\/helmis-mitmach-atelier.de\/index.php?rest_route=\/wp\/v2\/pages"}],"about":[{"href":"http:\/\/helmis-mitmach-atelier.de\/index.php?rest_route=\/wp\/v2\/types\/page"}],"author":[{"embeddable":true,"href":"http:\/\/helmis-mitmach-atelier.de\/index.php?rest_route=\/wp\/v2\/users\/1"}],"replies":[{"embeddable":true,"href":"http:\/\/helmis-mitmach-atelier.de\/index.php?rest_route=%2Fwp%2Fv2%2Fcomments&post=25"}],"version-history":[{"count":4,"href":"http:\/\/helmis-mitmach-atelier.de\/index.php?rest_route=\/wp\/v2\/pages\/25\/revisions"}],"predecessor-version":[{"id":171,"href":"http:\/\/helmis-mitmach-atelier.de\/index.php?rest_route=\/wp\/v2\/pages\/25\/revisions\/171"}],"up":[{"embeddable":true,"href":"http:\/\/helmis-mitmach-atelier.de\/index.php?rest_route=\/wp\/v2\/pages\/211"}],"wp:attachment":[{"href":"http:\/\/helmis-mitmach-atelier.de\/index.php?rest_route=%2Fwp%2Fv2%2Fmedia&parent=25"}],"curies":[{"name":"wp","href":"https:\/\/api.w.org\/{rel}","templated":true}]}}