{"id":22,"date":"2015-01-18T23:13:00","date_gmt":"2015-01-18T22:13:00","guid":{"rendered":"http:\/\/helmis-mitmach-atelier.de\/?page_id=22"},"modified":"2016-12-06T00:34:02","modified_gmt":"2016-12-05T23:34:02","slug":"handarbeiten","status":"publish","type":"page","link":"http:\/\/helmis-mitmach-atelier.de\/?page_id=22","title":{"rendered":"Hand-Arbeiten"},"content":{"rendered":"<p><a href=\"http:\/\/helmis-mitmach-atelier.de\/wp-content\/uploads\/2015\/01\/Handarbeiten-Tischdeko.jpg\"><img decoding=\"async\" loading=\"lazy\" class=\" size-medium wp-image-23 alignleft\" src=\"http:\/\/helmis-mitmach-atelier.de\/wp-content\/uploads\/2015\/01\/Handarbeiten-Tischdeko-300x225.jpg\" alt=\"Handarbeiten Tischdeko\" width=\"300\" height=\"225\" srcset=\"http:\/\/helmis-mitmach-atelier.de\/wp-content\/uploads\/2015\/01\/Handarbeiten-Tischdeko-300x225.jpg 300w, http:\/\/helmis-mitmach-atelier.de\/wp-content\/uploads\/2015\/01\/Handarbeiten-Tischdeko-1024x768.jpg 1024w, http:\/\/helmis-mitmach-atelier.de\/wp-content\/uploads\/2015\/01\/Handarbeiten-Tischdeko-400x300.jpg 400w, http:\/\/helmis-mitmach-atelier.de\/wp-content\/uploads\/2015\/01\/Handarbeiten-Tischdeko.jpg 1600w\" sizes=\"(max-width: 300px) 100vw, 300px\" \/><\/a>Ich stricke gern, aber das H\u00e4keln ist meine Passion. Viele sch\u00f6ne Dinge in verschiedenen Techniken wie z.B. Gabelh\u00e4kelei k\u00f6nnen mit tollen unterschiedlichen Garnen kombiniert werden. Ihr findet hier Bilder zu Tischschmuck, Schals, Handschmuck im Westernstil unter &#8222;Country-Style&#8220; und alles, was mir noch so einf\u00e4llt.<\/p>\n<p>Auch meine T\u00f6pferarbeiten und Flechtwerke k\u00f6nnt Ihr hier anschauen.<\/p>\n","protected":false},"excerpt":{"rendered":"<p>Ich stricke gern, aber das H\u00e4keln ist meine Passion. Viele sch\u00f6ne Dinge in verschiedenen Techniken wie z.B. Gabelh\u00e4kelei k\u00f6nnen mit tollen unterschiedlichen Garnen kombiniert werden. Ihr findet hier Bilder zu Tischschmuck, Schals, Handschmuck im Westernstil unter &#8222;Country-Style&#8220; und alles, was &hellip; <a href=\"http:\/\/helmis-mitmach-atelier.de\/?page_id=22\">Weiterlesen <span class=\"meta-nav\">&rarr;<\/span><\/a><\/p>\n","protected":false},"author":1,"featured_media":0,"parent":0,"menu_order":140,"comment_status":"closed","ping_status":"closed","template":"sidebar-page.php","meta":[],"_links":{"self":[{"href":"http:\/\/helmis-mitmach-atelier.de\/index.php?rest_route=\/wp\/v2\/pages\/22"}],"collection":[{"href":"http:\/\/helmis-mitmach-atelier.de\/index.php?rest_route=\/wp\/v2\/pages"}],"about":[{"href":"http:\/\/helmis-mitmach-atelier.de\/index.php?rest_route=\/wp\/v2\/types\/page"}],"author":[{"embeddable":true,"href":"http:\/\/helmis-mitmach-atelier.de\/index.php?rest_route=\/wp\/v2\/users\/1"}],"replies":[{"embeddable":true,"href":"http:\/\/helmis-mitmach-atelier.de\/index.php?rest_route=%2Fwp%2Fv2%2Fcomments&post=22"}],"version-history":[{"count":5,"href":"http:\/\/helmis-mitmach-atelier.de\/index.php?rest_route=\/wp\/v2\/pages\/22\/revisions"}],"predecessor-version":[{"id":2079,"href":"http:\/\/helmis-mitmach-atelier.de\/index.php?rest_route=\/wp\/v2\/pages\/22\/revisions\/2079"}],"wp:attachment":[{"href":"http:\/\/helmis-mitmach-atelier.de\/index.php?rest_route=%2Fwp%2Fv2%2Fmedia&parent=22"}],"curies":[{"name":"wp","href":"https:\/\/api.w.org\/{rel}","templated":true}]}}