{"id":2091,"date":"2017-01-01T20:16:15","date_gmt":"2017-01-01T19:16:15","guid":{"rendered":"http:\/\/helmis-mitmach-atelier.de\/?page_id=2091"},"modified":"2017-06-24T12:54:57","modified_gmt":"2017-06-24T10:54:57","slug":"figuren","status":"publish","type":"page","link":"http:\/\/helmis-mitmach-atelier.de\/?page_id=2091","title":{"rendered":"Figuren"},"content":{"rendered":"<p>Hier stelle ich diverse Figuren im weitesten Sinne vor.<\/p>\n<p>Es werden verschiedene Materialien verwendet, vieles in Kombination mit Powertex, aber auch anderes.<\/p>\n<p>*******************************************************************<\/p>\n<table style=\"width: 584px;\">\n<tbody>\n<tr>\n<td style=\"width: 559.1px;\">\u00a0<img decoding=\"async\" loading=\"lazy\" class=\"alignnone size-full wp-image-2106\" src=\"http:\/\/helmis-mitmach-atelier.de\/wp-content\/uploads\/2017\/01\/2016-12-Gr\u00fcne-Nixe.jpg\" alt=\"\" width=\"220\" height=\"588\" srcset=\"http:\/\/helmis-mitmach-atelier.de\/wp-content\/uploads\/2017\/01\/2016-12-Gr\u00fcne-Nixe.jpg 220w, http:\/\/helmis-mitmach-atelier.de\/wp-content\/uploads\/2017\/01\/2016-12-Gr\u00fcne-Nixe-112x300.jpg 112w\" sizes=\"(max-width: 220px) 100vw, 220px\" \/>\u00a0<strong><span style=\"color: #008000;\">Die Nixe<\/span><\/strong> &#8211; Fast vollst\u00e4ndig aus Styropor &#8211; mit Stoff, Muscheln, Seesternen, maritimem Zubeh\u00f6r und Lichterkette &#8211; und nat\u00fcrlich Powertex<\/td>\n<td style=\"width: 10px;\"><\/td>\n<\/tr>\n<tr>\n<td style=\"width: 559.1px;\"><a href=\"http:\/\/helmis-mitmach-atelier.de\/wp-content\/uploads\/2017\/01\/2016-12-Handschuhe.jpg\" target=\"_blank\" rel=\"noopener\"><img decoding=\"async\" loading=\"lazy\" class=\"alignnone wp-image-2107\" src=\"http:\/\/helmis-mitmach-atelier.de\/wp-content\/uploads\/2017\/01\/2016-12-Handschuhe.jpg\" alt=\"\" width=\"222\" height=\"415\" \/><\/a><strong><span style=\"color: #008000;\">Die Handschuhe<\/span><\/strong>\u00a0&#8211; Holzplatte, Holzst\u00fcck, zwei Handschuhe, Powertex &#8211; mit einer Bl\u00fcte in den &#8222;H\u00e4nden&#8220;<\/td>\n<td style=\"width: 10px;\"><\/td>\n<\/tr>\n<tr>\n<td style=\"width: 559.1px;\">\u00a0<img decoding=\"async\" loading=\"lazy\" class=\"alignnone wp-image-2105\" src=\"http:\/\/helmis-mitmach-atelier.de\/wp-content\/uploads\/2017\/01\/2016-12-Blattgesicht.jpg\" alt=\"\" width=\"219\" height=\"328\" \/>\u00a0\u00a0<strong><span style=\"color: #008000;\">Das Blatt-Gesicht<\/span><\/strong> &#8211;\u00a0Holzst\u00fcck, Draht, Powertex, Stoff, Murmel &#8211; auf Holzplatte<\/td>\n<td style=\"width: 10px;\"><\/td>\n<\/tr>\n<tr>\n<td style=\"width: 559.1px;\"><a href=\"http:\/\/helmis-mitmach-atelier.de\/wp-content\/uploads\/2017\/01\/2016-12-Sechs-mit-Metall.jpg\" target=\"_blank\" rel=\"noopener\"><img decoding=\"async\" loading=\"lazy\" class=\"alignnone wp-image-2110\" src=\"http:\/\/helmis-mitmach-atelier.de\/wp-content\/uploads\/2017\/01\/2016-12-Sechs-mit-Metall.jpg\" alt=\"\" width=\"222\" height=\"466\" \/><\/a>\u00a0 <strong><span style=\"color: #008000;\">Die gro\u00dfe Sechs<\/span><\/strong> &#8211; Draht, Alufolie, Stoff, Powertex &#8211; auf Metallst\u00e4nder<\/td>\n<td style=\"width: 10px;\"><\/td>\n<\/tr>\n<tr>\n<td style=\"width: 559.1px;\">\u00a0<img decoding=\"async\" loading=\"lazy\" class=\"alignnone wp-image-2108\" src=\"http:\/\/helmis-mitmach-atelier.de\/wp-content\/uploads\/2017\/01\/2016-12-Herz-Lila.jpg\" alt=\"\" width=\"218\" height=\"295\" \/>\u00a0 <strong><span style=\"color: #008000;\">Das Herz<\/span><\/strong> &#8211; Draht, Alufolie, Stoff, Powertex &#8211; auf Metallst\u00e4nder<\/td>\n<td style=\"width: 10px;\"><\/td>\n<\/tr>\n<tr>\n<td style=\"width: 559.1px;\"><a href=\"http:\/\/helmis-mitmach-atelier.de\/wp-content\/uploads\/2017\/01\/2016-12-Holzgesicht.jpg\" target=\"_blank\" rel=\"noopener\"><img decoding=\"async\" loading=\"lazy\" class=\"alignnone wp-image-2109\" src=\"http:\/\/helmis-mitmach-atelier.de\/wp-content\/uploads\/2017\/01\/2016-12-Holzgesicht.jpg\" alt=\"\" width=\"225\" height=\"252\" srcset=\"http:\/\/helmis-mitmach-atelier.de\/wp-content\/uploads\/2017\/01\/2016-12-Holzgesicht.jpg 403w, http:\/\/helmis-mitmach-atelier.de\/wp-content\/uploads\/2017\/01\/2016-12-Holzgesicht-267x300.jpg 267w\" sizes=\"(max-width: 225px) 100vw, 225px\" \/><\/a>\u00a0 <strong><span style=\"color: #008000;\">Das Holz-Gesicht<\/span><\/strong> &#8211; Holz, Draht, Alufolie, Stoff, Fasern, Powertex &#8211; auf Holzplatte<\/td>\n<td style=\"width: 10px;\"><\/td>\n<\/tr>\n<tr>\n<td style=\"width: 559.1px;\"><\/td>\n<td style=\"width: 10px;\"><\/td>\n<\/tr>\n<tr>\n<td style=\"width: 559.1px;\"><\/td>\n<td style=\"width: 10px;\"><\/td>\n<\/tr>\n<tr>\n<td style=\"width: 559.1px;\"><\/td>\n<td style=\"width: 10px;\"><\/td>\n<\/tr>\n<\/tbody>\n<\/table>\n","protected":false},"excerpt":{"rendered":"<p>Hier stelle ich diverse Figuren im weitesten Sinne vor. Es werden verschiedene Materialien verwendet, vieles in Kombination mit Powertex, aber auch anderes. ******************************************************************* \u00a0\u00a0Die Nixe &#8211; Fast vollst\u00e4ndig aus Styropor &#8211; mit Stoff, Muscheln, Seesternen, maritimem Zubeh\u00f6r und Lichterkette &#8211; &hellip; <a href=\"http:\/\/helmis-mitmach-atelier.de\/?page_id=2091\">Weiterlesen <span class=\"meta-nav\">&rarr;<\/span><\/a><\/p>\n","protected":false},"author":2,"featured_media":0,"parent":13,"menu_order":111,"comment_status":"closed","ping_status":"closed","template":"","meta":[],"_links":{"self":[{"href":"http:\/\/helmis-mitmach-atelier.de\/index.php?rest_route=\/wp\/v2\/pages\/2091"}],"collection":[{"href":"http:\/\/helmis-mitmach-atelier.de\/index.php?rest_route=\/wp\/v2\/pages"}],"about":[{"href":"http:\/\/helmis-mitmach-atelier.de\/index.php?rest_route=\/wp\/v2\/types\/page"}],"author":[{"embeddable":true,"href":"http:\/\/helmis-mitmach-atelier.de\/index.php?rest_route=\/wp\/v2\/users\/2"}],"replies":[{"embeddable":true,"href":"http:\/\/helmis-mitmach-atelier.de\/index.php?rest_route=%2Fwp%2Fv2%2Fcomments&post=2091"}],"version-history":[{"count":20,"href":"http:\/\/helmis-mitmach-atelier.de\/index.php?rest_route=\/wp\/v2\/pages\/2091\/revisions"}],"predecessor-version":[{"id":2570,"href":"http:\/\/helmis-mitmach-atelier.de\/index.php?rest_route=\/wp\/v2\/pages\/2091\/revisions\/2570"}],"up":[{"embeddable":true,"href":"http:\/\/helmis-mitmach-atelier.de\/index.php?rest_route=\/wp\/v2\/pages\/13"}],"wp:attachment":[{"href":"http:\/\/helmis-mitmach-atelier.de\/index.php?rest_route=%2Fwp%2Fv2%2Fmedia&parent=2091"}],"curies":[{"name":"wp","href":"https:\/\/api.w.org\/{rel}","templated":true}]}}