{"id":1900,"date":"2016-11-01T17:32:50","date_gmt":"2016-11-01T16:32:50","guid":{"rendered":"http:\/\/helmis-mitmach-atelier.de\/?page_id=1900"},"modified":"2022-10-27T16:13:15","modified_gmt":"2022-10-27T14:13:15","slug":"line-dance-paderborn","status":"publish","type":"page","link":"http:\/\/helmis-mitmach-atelier.de\/?page_id=1900","title":{"rendered":"Line Dance Paderborn"},"content":{"rendered":"<h1 style=\"text-align: left;\"><a href=\"http:\/\/helmis-mitmach-atelier.de\/wp-content\/uploads\/2016\/11\/VHS-PB-Logo.jpg\" target=\"_blank\" rel=\"noopener noreferrer\"><img decoding=\"async\" loading=\"lazy\" class=\"alignnone wp-image-1938\" src=\"http:\/\/helmis-mitmach-atelier.de\/wp-content\/uploads\/2016\/11\/VHS-PB-Logo.jpg\" alt=\"vhs-pb-logo\" width=\"130\" height=\"88\" \/><\/a>\u00a0\u00a0\u00a0<strong><span style=\"color: #808000;\">Info\u00b4s\u00a0zum Line Dance in Paderborn\u00a0\u00a0\u00a0<img decoding=\"async\" loading=\"lazy\" class=\"alignnone wp-image-2027\" src=\"http:\/\/helmis-mitmach-atelier.de\/wp-content\/uploads\/2016\/11\/Smiley-Freude.jpg\" alt=\"smiley-freude\" width=\"81\" height=\"88\" \/><\/span><\/strong><\/h1>\n<p><strong><span style=\"color: #808000;\">***************************************************************************<\/span><\/strong><\/p>\n<p><img decoding=\"async\" loading=\"lazy\" class=\"alignnone wp-image-2026\" src=\"http:\/\/helmis-mitmach-atelier.de\/wp-content\/uploads\/2016\/11\/Smiley-Musik.jpg\" alt=\"smiley-musik\" width=\"60\" height=\"67\" \/>Im Februar 2017 habe ich\u00a0\u00fcber die <a href=\"https:\/\/www.paderborn.de\/microsite\/vhs\/\" target=\"_blank\" rel=\"noopener noreferrer\">VHS Paderborn<\/a> einen neuen Anf\u00e4ngerkurs gestartet.<\/p>\n<p>:arrow: Ihr k\u00f6nnt Euch bei der\u00a0<a href=\"https:\/\/www.paderborn.de\/microsite\/vhs\/\" target=\"_blank\" rel=\"noopener noreferrer\">VHS Paderborn<\/a>\u00a0per Internet oder schriftlich anmelden.<\/p>\n<p>&nbsp;<\/p>\n<p><strong>Termine 2. HJ 2017 :<\/strong><\/p>\n<p><strong><span class=\"cmp_parsed_date\" data-cmp_parsed_date=\"2017-09-04\" data-ce-class=\"Dates\">04.09.17 \/ <\/span><\/strong><strong><span class=\"cmp_parsed_date\" data-cmp_parsed_date=\"2017-09-11\" data-ce-class=\"Dates\">11.09.17 \/ <\/span><\/strong><strong><span class=\"cmp_parsed_date\" data-cmp_parsed_date=\"2017-09-18\" data-ce-class=\"Dates\">18.09.17 \/ <\/span><\/strong><strong><span class=\"cmp_parsed_date\" data-cmp_parsed_date=\"2017-09-25\" data-ce-class=\"Dates\">25.09.17 \/ <\/span><\/strong><strong><span class=\"cmp_parsed_date\" data-cmp_parsed_date=\"2017-10-09\" data-ce-class=\"Dates\">09.10.17 \/ <\/span><\/strong><strong><span class=\"cmp_parsed_date\" data-cmp_parsed_date=\"2017-10-16\" data-ce-class=\"Dates\">16.10.17<\/span><\/strong><\/p>\n<p><strong><span class=\"cmp_parsed_date\" data-cmp_parsed_date=\"2017-11-06\" data-ce-class=\"Dates\">06.11.17 \/ <\/span><\/strong><strong><span class=\"cmp_parsed_date\" data-cmp_parsed_date=\"2017-11-13\" data-ce-class=\"Dates\">13.11.17 \/ <\/span><\/strong><strong><span class=\"cmp_parsed_date\" data-cmp_parsed_date=\"2017-11-20\" data-ce-class=\"Dates\">20.11.17 \/ <\/span><\/strong><strong><span class=\"cmp_parsed_date\" data-cmp_parsed_date=\"2017-11-27\" data-ce-class=\"Dates\">27.11.17 \/ <\/span><\/strong><strong><span class=\"cmp_parsed_date\" data-cmp_parsed_date=\"2017-12-04\" data-ce-class=\"Dates\">04.12.17\u00a0 \/ <\/span><\/strong><strong><span class=\"cmp_parsed_date\" data-cmp_parsed_date=\"2017-12-11\" data-ce-class=\"Dates\">11.12.17<\/span><\/strong><\/p>\n<p><strong><span style=\"color: #808000;\">***************************************************************************<\/span><\/strong><\/p>\n<p><img decoding=\"async\" loading=\"lazy\" class=\"alignnone wp-image-2024\" src=\"http:\/\/helmis-mitmach-atelier.de\/wp-content\/uploads\/2016\/11\/Smiley-Cowgirl.jpg\" alt=\"smiley-cowgirl\" width=\"60\" height=\"66\" \/><\/p>\n<p><strong><span style=\"color: #808000;\">***************************************************************************<\/span><\/strong><\/p>\n<p><img decoding=\"async\" loading=\"lazy\" class=\"wp-image-2025 alignleft\" src=\"http:\/\/helmis-mitmach-atelier.de\/wp-content\/uploads\/2016\/11\/Smiley-Walk.jpg\" alt=\"smiley-walk\" width=\"60\" height=\"58\" \/>Hier seht Ihr im \u00dcberblick, was wir im laufenden Jahr\u00a0gelernt, bzw. wiederholt haben.<\/p>\n<p>:-D Die Tanzbeschreibungen findet Ihr dann nat\u00fcrlich unter &#8222;Tanzbeschreibungen&#8220; .<\/p>\n<p>8-O Ganz unten auf dieser Seite findet Ihr\u00a0die gelernten T\u00e4nze ab 2011 (Fortgeschrittene).<\/p>\n<p><strong><span style=\"color: #808000;\">***************************************************************************<\/span><\/strong><\/p>\n<p>&nbsp;<\/p>\n<h1><strong><span style=\"color: #808000;\">Anf\u00e4nger<\/span><\/strong><\/h1>\n<table style=\"width: 673.32px;\">\n<tbody>\n<tr>\n<td style=\"width: 87px;\">06.02.2017<\/td>\n<td style=\"width: 563.32px;\">1. Electric Slide<\/p>\n<p>2. Cowgirls Twist<\/td>\n<\/tr>\n<tr>\n<td style=\"width: 87px;\">13.02.2017<\/td>\n<td style=\"width: 563.32px;\">3. Canadian Stomp, Whlg. Electric Slide, Cowgirls Twist<\/td>\n<\/tr>\n<tr>\n<td style=\"width: 87px;\">20.02.2017<\/td>\n<td style=\"width: 563.32px;\">4. Kneipentanz, Whlg.\u00a0Cowgirls Twist, Electric Slide<\/td>\n<\/tr>\n<tr>\n<td style=\"width: 87px;\">06.03.2017<\/td>\n<td style=\"width: 563.32px;\">5. Boot Scootin Boogie, Whlg. Kneipentanz, Electric Slide<\/td>\n<\/tr>\n<tr>\n<td style=\"width: 87px;\">20.03.2017<\/td>\n<td style=\"width: 563.32px;\">6. Alabama, Whlg. Canadian Stomp, Boot Scootin Boogie<\/td>\n<\/tr>\n<tr>\n<td style=\"width: 87px;\">27.03.2017<\/td>\n<td style=\"width: 563.32px;\">7. Line Dance Cha Cha, Whlg. Alabama, Cowgirls Twist<\/td>\n<\/tr>\n<tr>\n<td style=\"width: 87px;\">03.04.2017<\/td>\n<td style=\"width: 563.32px;\">Whlg. Electric Slide, Cowgirls Twist, Canadian Stomp, Boot Scootin Boogie, Alabama, Line Dance Cha Cha<\/td>\n<\/tr>\n<tr>\n<td style=\"width: 87px;\">24.04.2017<\/td>\n<td style=\"width: 563.32px;\">Whlg.\u00a0Cowgirls Twist, Canadian Stomp, Boot Scootin Boogie,\u00a0Alabama, Line Dance Cha Cha<\/td>\n<\/tr>\n<tr>\n<td style=\"width: 87px;\">08.05.2017<\/td>\n<td style=\"width: 563.32px;\">8. Chattahoochee, Whlg. Line Dance Cha Cha, Boot Scootin Boogie, Alabama, Canadian Stomp, Cowgirls Twist<\/td>\n<\/tr>\n<tr>\n<td style=\"width: 87px;\">15.05.2017<\/td>\n<td style=\"width: 563.32px;\">Whlg. Electric Slide, Cowgirls Twist, Chattahoochee, Boot Scootin Boogie, Line Dance Cha Cha<\/td>\n<\/tr>\n<tr>\n<td style=\"width: 87px;\">22.05.2017<\/td>\n<td style=\"width: 563.32px;\">9. Irish Stew, Whlg. Electric Slide, Cowgirls Twist, Boot Scootin Boogie, Canadian Stomp, Alabama, Line Dance Cha Cha<\/td>\n<\/tr>\n<tr>\n<td style=\"width: 87px;\">29.05.2017<\/td>\n<td style=\"width: 563.32px;\">Whlg. Irish Stew, Chattahoochee,<\/td>\n<\/tr>\n<tr>\n<td style=\"width: 87px;\">19.06.2017<\/td>\n<td style=\"width: 563.32px;\">Whlg. Irish Stew, Chattahoochee, Line Dance Cha Cha, Alabama, Boot Scootin Boogie<\/td>\n<\/tr>\n<tr>\n<td style=\"width: 87px;\">26.06.2017<\/td>\n<td style=\"width: 563.32px;\">10. Country 2 Step, Whlg. Line Dance Cha Cha, Chattahoochee, Irish Stew, Canadian Stomp<\/td>\n<\/tr>\n<tr>\n<td style=\"width: 87px;\">03.07.2017<\/td>\n<td style=\"width: 563.32px;\">Whlg, Canadian Stomp, Line Dance Cha Cha, Cowgirls Twist, Boot Scootin Boogie, Irish Stew, Chattahoochee, Alabama, Country 2 Step, Electric Slide<\/td>\n<\/tr>\n<tr>\n<td style=\"width: 87px;\">10.07.2017<\/td>\n<td style=\"width: 563.32px;\">Whlg, Canadian Stomp, Line Dance Cha Cha, Cowgirls Twist, Boot Scootin Boogie, Irish Stew, Chattahoochee, Alabama, Country 2 Step, Electric Slide<\/td>\n<\/tr>\n<tr>\n<td style=\"width: 87px;\">04.09.2017<\/td>\n<td style=\"width: 563.32px;\">11. Sixteen Step, Whlg. Canadian Stomp, Boot Scootin Boogie, Alabama, Line Dance Cha Cha, Chattahoochee, Irish Stew<\/td>\n<\/tr>\n<tr>\n<td style=\"width: 87px;\">\u00a011.09.2017<\/td>\n<td style=\"width: 563.32px;\">Whlg. Sixteen Step, Irish Stew, Country 2 Step, Canadian Stomp, Line Dance Cha Cha<\/td>\n<\/tr>\n<tr>\n<td style=\"width: 87px;\">\u00a018.09.2017<\/td>\n<td style=\"width: 563.32px;\">12. Chica Boom Boom, Whlg. Line Dance Cha Cha, Country 2 Step, Chattahoochee, Irish Stew, Canadian Stomp, Boot Scootin Boogie<\/td>\n<\/tr>\n<tr>\n<td style=\"width: 87px;\"><\/td>\n<td style=\"width: 563.32px;\"><\/td>\n<\/tr>\n<tr>\n<td style=\"width: 87px;\"><\/td>\n<td style=\"width: 563.32px;\"><\/td>\n<\/tr>\n<\/tbody>\n<\/table>\n<p>&nbsp;<\/p>\n<h1><strong><span style=\"color: #808000;\">Fortgeschrittene<\/span><\/strong><\/h1>\n<table style=\"width: 671.13px;\">\n<tbody>\n<tr>\n<td style=\"width: 80px;\">16.01.2017<\/td>\n<td style=\"width: 561.13px;\">Away From Home, Party Crowd, Mama Africa, Canadian Stomp, Ice Breaker, Blueberry Chill, Something In The Water, Half Past Nothing, Chica Boom Boom<\/td>\n<\/tr>\n<tr>\n<td style=\"width: 80px;\">23.01.2017<\/td>\n<td style=\"width: 561.13px;\">Black Pearl, Memphis Love, Party Crowd, Pot of Gold, Away From Home, Ice Breaker, Blueberry Chill, White Rose<\/td>\n<\/tr>\n<tr>\n<td style=\"width: 80px;\">30.01.2017<\/td>\n<td style=\"width: 561.13px;\">Wishfull Thinking, Dance Like You Are The Only One, Ice Breaker, Black Pearl, Blackpool By The Sea, Irish Stew<\/td>\n<\/tr>\n<tr>\n<td style=\"width: 80px;\">06.02.2017<\/td>\n<td style=\"width: 561.13px;\">Memphis Love, Mama Africa, My New Life, White Rose, Picnic Polka, Wishfull Thinking, Away From Home<\/td>\n<\/tr>\n<tr>\n<td style=\"width: 80px;\">13.02.2017<\/td>\n<td style=\"width: 561.13px;\">Black Mercedes, Wishful Thinking, Pizziricco, Picknic Polka, Away From Home, Blueberry Chill<\/td>\n<\/tr>\n<tr>\n<td style=\"width: 80px;\">20.02.2017<\/td>\n<td style=\"width: 561.13px;\">Pop ! Emergency !, Kill The Spider, My New Life, Dance Like You Are The Only One, Black Mercedes<\/td>\n<\/tr>\n<tr>\n<td style=\"width: 80px;\">06.03.2017<\/td>\n<td style=\"width: 561.13px;\">J R, Pop ! Emergency !, Black Mercedes, Spanish Lady, Dance With Me Baby, Ice Breaker<\/td>\n<\/tr>\n<tr>\n<td style=\"width: 80px;\">20.03.2017<\/td>\n<td style=\"width: 561.13px;\">J R, Don\u00b4t You Wish, Dance With Me Baby, Dance Like You Are The Only One, Leaving Of Liverpool, Pop ! Emergency !<\/td>\n<\/tr>\n<tr>\n<td style=\"width: 80px;\">27.03.2017<\/td>\n<td style=\"width: 561.13px;\">Summer Fly, Don\u00b4t You Wish, Dance With Me Baby, Leaving Of Liverpool, We Went, J R, Pop ! Emergency !<\/td>\n<\/tr>\n<tr>\n<td style=\"width: 80px;\">03.04.2017<\/td>\n<td style=\"width: 561.13px;\">We Went, J R, Pop ! Emergency !, Summer Fly, Black Mercedes,\u00a0Blueberry Chill, Ice Breaker<\/td>\n<\/tr>\n<tr>\n<td style=\"width: 80px;\">24.04.2017<\/td>\n<td style=\"width: 561.13px;\">Blueberry Chill, Ice Breaker, We Went, Black\u00a0Mercedes, Pop ! Emergency !, Summer Fly, J R, Black Pearl, My New Life, Jailhouse Creole, Line Dance Cha Cha<\/td>\n<\/tr>\n<tr>\n<td style=\"width: 80px;\">08.05.2017<\/td>\n<td style=\"width: 561.13px;\">Pop Emergency, Summer Fly, We Went, My New Life, Rio, Spanish Lady, Toes, Wishful Thinking, Hearts and Flowers<\/td>\n<\/tr>\n<tr>\n<td style=\"width: 80px;\">15.05.2017<\/td>\n<td style=\"width: 561.13px;\">Hearts and Flowers, Pop Emergency, Black Mercedes, JR, We Went, Black Pearl, Blueberry chill, Pot of Gold, Coastin<\/td>\n<\/tr>\n<tr>\n<td style=\"width: 80px;\">22.05.2017<\/td>\n<td style=\"width: 561.13px;\">We Went, The Trail, Spanish Lady, White Rose, Pop Emergency, Wishful Thinking, Ice Breaker, Mama Africa, JR<\/td>\n<\/tr>\n<tr>\n<td style=\"width: 80px;\">29.05.2017<\/td>\n<td style=\"width: 561.13px;\">My New Life, The Trail, We Went,<\/td>\n<\/tr>\n<tr>\n<td style=\"width: 80px;\">19.06.2017<\/td>\n<td style=\"width: 561.13px;\">American Kids, Mama Africa, Pop Emergency, Hearts and Flowers, Something in The Water, We Went, Wishful Thinking, Black Mercedes, JR, Coastin\u00b4<\/td>\n<\/tr>\n<tr>\n<td style=\"width: 80px;\">26.06.2017<\/td>\n<td style=\"width: 561.13px;\">Pop Emergency, American Kids, Spanish Lady, Hearts and Flowers, Mama Africa, Wishful Thinking, Away From Home, Ice Breaker, JR<\/td>\n<\/tr>\n<tr>\n<td style=\"width: 80px;\">03.07.2017<\/td>\n<td style=\"width: 561.13px;\">Mustang Sally, Wishful Thinking, Pop Emergency, Hearts and Flowers, Something in The Water, JR, Black Coffee, Pot of Gold, Bread and Butter, White Rose<\/td>\n<\/tr>\n<tr>\n<td style=\"width: 80px;\">10.07.2017<\/td>\n<td style=\"width: 561.13px;\">Whlg, Canadian Stomp, Line Dance Cha Cha, Cowgirls Twist, Boot Scootin Boogie, Irish Stew, Chattahoochee, Alabama, Country 2 Step, Electric Slide, American Kids, Pop Emergency, Hearts and Flowers, Mama Africa, Wishful Thinking, Something in The Water<\/td>\n<\/tr>\n<tr>\n<td style=\"width: 80px;\">\u00a004.09.2017<\/td>\n<td style=\"width: 561.13px;\">Whlg. Something in The Water, Irish Stew, Mama Africa, Coastin\u00b4, Pop Emergency, Chattahoochee, Hearts and Flowers, American Kids, Ice Breaker, Black Pearl<\/td>\n<\/tr>\n<tr>\n<td style=\"width: 80px;\">11.09.2017<\/td>\n<td style=\"width: 561.13px;\">Whlg. Something in The Water, Irish Stew, Mama Africa, Coastin\u00b4, Pop Emergency, Chattahoochee, Hearts and Flowers, Ice Breaker, Black Pearl, Canadian Stomp, Bossa Nova, Sixteen Step, American Kids<\/td>\n<\/tr>\n<tr>\n<td style=\"width: 80px;\">\u00a018.09.2017<\/td>\n<td style=\"width: 561.13px;\">Lonely Drum, Black Coffee, Tush Push, American Kids<\/td>\n<\/tr>\n<tr>\n<td style=\"width: 80px;\"><\/td>\n<td style=\"width: 561.13px;\"><\/td>\n<\/tr>\n<tr>\n<td style=\"width: 80px;\"><\/td>\n<td style=\"width: 561.13px;\"><\/td>\n<\/tr>\n<\/tbody>\n<\/table>\n<p>&nbsp;<\/p>\n<p><strong><span style=\"color: #808000;\">***************************************************************************<\/span><\/strong><\/p>\n<p><strong><span style=\"color: #ff0000;\"><img decoding=\"async\" loading=\"lazy\" class=\"alignnone wp-image-1939\" src=\"http:\/\/helmis-mitmach-atelier.de\/wp-content\/uploads\/2016\/11\/Line-Dance.jpg\" alt=\"line-dance\" width=\"96\" height=\"40\" \/>\u00a0\u00a0\u00a0\u00a0<span style=\"color: #0000ff;\">2017<\/span>\u00a0\u00a0\u00a0 <\/span><a href=\"http:\/\/helmis-mitmach-atelier.de\/wp-content\/uploads\/2016\/11\/2-T\u00e4nze-Fortgeschrittene-Paderborn-Januar-2016-bis-Dezember-2016.pdf\" target=\"_blank\" rel=\"noopener noreferrer\"><span style=\"color: #ff0000;\">2016<\/span><\/a><\/strong>\u00a0\u00a0\u00a0<a href=\"http:\/\/helmis-mitmach-atelier.de\/wp-content\/uploads\/2016\/11\/2-T\u00e4nze-Fortgeschrittene-Paderborn-Januar-2015-bis-Dezember-2015.pdf\" target=\"_blank\" rel=\"noopener noreferrer\"><strong><span style=\"color: #0000ff;\"> 2015<\/span><\/strong><\/a>\u00a0\u00a0\u00a0 <a href=\"http:\/\/helmis-mitmach-atelier.de\/wp-content\/uploads\/2016\/11\/2-T\u00e4nze-Fortgeschrittene-Paderborn-Januar-2014-bis-Dezember-2014.pdf\" target=\"_blank\" rel=\"noopener noreferrer\"><strong><span style=\"color: #ff0000;\">2014<\/span><\/strong><\/a>\u00a0\u00a0\u00a0 <a href=\"http:\/\/helmis-mitmach-atelier.de\/wp-content\/uploads\/2016\/11\/2-T\u00e4nze-Fortgeschrittene-Paderborn-Januar-2013-bis-Dezember-2013.pdf\" target=\"_blank\" rel=\"noopener noreferrer\"><strong><span style=\"color: #0000ff;\">2013<\/span><\/strong><\/a>\u00a0\u00a0\u00a0 <a href=\"http:\/\/helmis-mitmach-atelier.de\/wp-content\/uploads\/2016\/11\/2-T\u00e4nze-Fortgeschrittene-Paderborn-ab-September-2012-bis-Juli-2013.pdf\" target=\"_blank\" rel=\"noopener noreferrer\"><strong><span style=\"color: #ff0000;\">2012<\/span><\/strong><\/a>\u00a0\u00a0\u00a0 <a href=\"http:\/\/helmis-mitmach-atelier.de\/wp-content\/uploads\/2016\/11\/2-T\u00e4nze-Fortgeschrittene-Paderborn-ab-September-2011-bis-Juli-2012.pdf\" target=\"_blank\" rel=\"noopener noreferrer\"><strong><span style=\"color: #0000ff;\">2011<\/span><\/strong><\/a><\/p>\n<p><strong><span style=\"color: #808000;\">***************************************************************************<\/span><\/strong><\/p>\n","protected":false},"excerpt":{"rendered":"<p>\u00a0\u00a0\u00a0Info\u00b4s\u00a0zum Line Dance in Paderborn\u00a0\u00a0\u00a0 *************************************************************************** Im Februar 2017 habe ich\u00a0\u00fcber die VHS Paderborn einen neuen Anf\u00e4ngerkurs gestartet. :arrow: Ihr k\u00f6nnt Euch bei der\u00a0VHS Paderborn\u00a0per Internet oder schriftlich anmelden. &nbsp; Termine 2. HJ 2017 : 04.09.17 \/ 11.09.17 \/ 18.09.17 &hellip; <a href=\"http:\/\/helmis-mitmach-atelier.de\/?page_id=1900\">Weiterlesen <span class=\"meta-nav\">&rarr;<\/span><\/a><\/p>\n","protected":false},"author":2,"featured_media":0,"parent":726,"menu_order":133,"comment_status":"closed","ping_status":"closed","template":"","meta":[],"_links":{"self":[{"href":"http:\/\/helmis-mitmach-atelier.de\/index.php?rest_route=\/wp\/v2\/pages\/1900"}],"collection":[{"href":"http:\/\/helmis-mitmach-atelier.de\/index.php?rest_route=\/wp\/v2\/pages"}],"about":[{"href":"http:\/\/helmis-mitmach-atelier.de\/index.php?rest_route=\/wp\/v2\/types\/page"}],"author":[{"embeddable":true,"href":"http:\/\/helmis-mitmach-atelier.de\/index.php?rest_route=\/wp\/v2\/users\/2"}],"replies":[{"embeddable":true,"href":"http:\/\/helmis-mitmach-atelier.de\/index.php?rest_route=%2Fwp%2Fv2%2Fcomments&post=1900"}],"version-history":[{"count":158,"href":"http:\/\/helmis-mitmach-atelier.de\/index.php?rest_route=\/wp\/v2\/pages\/1900\/revisions"}],"predecessor-version":[{"id":2839,"href":"http:\/\/helmis-mitmach-atelier.de\/index.php?rest_route=\/wp\/v2\/pages\/1900\/revisions\/2839"}],"up":[{"embeddable":true,"href":"http:\/\/helmis-mitmach-atelier.de\/index.php?rest_route=\/wp\/v2\/pages\/726"}],"wp:attachment":[{"href":"http:\/\/helmis-mitmach-atelier.de\/index.php?rest_route=%2Fwp%2Fv2%2Fmedia&parent=1900"}],"curies":[{"name":"wp","href":"https:\/\/api.w.org\/{rel}","templated":true}]}}